{"id":9739,"date":"2021-03-24T22:57:07","date_gmt":"2021-03-24T22:57:07","guid":{"rendered":"https:\/\/cascadesraptorcenter.org\/?page_id=9739"},"modified":"2022-07-09T00:58:17","modified_gmt":"2022-07-09T00:58:17","slug":"docent-team","status":"publish","type":"page","link":"https:\/\/cascadesraptorcenter.org\/es\/docent-team\/","title":{"rendered":"equipo docente"},"content":{"rendered":"<div class=\"wpb-content-wrapper\"><div class=\"vc_row wpb_row vc_row-fluid\"><div class=\"wpb_column vc_column_container vc_col-sm-4\"><div class=\"vc_column-inner\"><div class=\"wpb_wrapper\">\n\t<div  class=\"wpb_single_image wpb_content_element vc_align_ wpb_content_element\">\n\t\t\n\t\t<figure class=\"wpb_wrapper vc_figure\">\n\t\t\t<div class=\"vc_single_image-wrapper   vc_box_border_grey\"><img width=\"1632\" height=\"1224\" src=\"https:\/\/cascadesraptorcenter.org\/wp-content\/uploads\/2021\/03\/Tawney-Knecht2.jpeg\" class=\"vc_single_image-img attachment-full\" alt=\"\" title=\"Docent Volunteer 2\" srcset=\"https:\/\/cascadesraptorcenter.org\/wp-content\/uploads\/2021\/03\/Tawney-Knecht2.jpeg 1632w, https:\/\/cascadesraptorcenter.org\/wp-content\/uploads\/2021\/03\/Tawney-Knecht2-300x225.jpeg 300w, https:\/\/cascadesraptorcenter.org\/wp-content\/uploads\/2021\/03\/Tawney-Knecht2-1024x768.jpeg 1024w, https:\/\/cascadesraptorcenter.org\/wp-content\/uploads\/2021\/03\/Tawney-Knecht2-768x576.jpeg 768w, https:\/\/cascadesraptorcenter.org\/wp-content\/uploads\/2021\/03\/Tawney-Knecht2-1536x1152.jpeg 1536w, https:\/\/cascadesraptorcenter.org\/wp-content\/uploads\/2021\/03\/Tawney-Knecht2-600x450.jpeg 600w\" sizes=\"(max-width: 1632px) 100vw, 1632px\" \/><\/div>\n\t\t<\/figure>\n\t<\/div>\n<\/div><\/div><\/div><div class=\"wpb_column vc_column_container vc_col-sm-4\"><div class=\"vc_column-inner\"><div class=\"wpb_wrapper\">\n\t<div  class=\"wpb_single_image wpb_content_element vc_align_ wpb_content_element\">\n\t\t\n\t\t<figure class=\"wpb_wrapper vc_figure\">\n\t\t\t<div class=\"vc_single_image-wrapper   vc_box_border_grey\"><img width=\"1632\" height=\"1224\" src=\"https:\/\/cascadesraptorcenter.org\/wp-content\/uploads\/2021\/03\/Victoria-Willson-Damian-McDonald2.jpg\" class=\"vc_single_image-img attachment-full\" alt=\"\" title=\"Docent Volunteer 1\" srcset=\"https:\/\/cascadesraptorcenter.org\/wp-content\/uploads\/2021\/03\/Victoria-Willson-Damian-McDonald2.jpg 1632w, https:\/\/cascadesraptorcenter.org\/wp-content\/uploads\/2021\/03\/Victoria-Willson-Damian-McDonald2-300x225.jpg 300w, https:\/\/cascadesraptorcenter.org\/wp-content\/uploads\/2021\/03\/Victoria-Willson-Damian-McDonald2-1024x768.jpg 1024w, https:\/\/cascadesraptorcenter.org\/wp-content\/uploads\/2021\/03\/Victoria-Willson-Damian-McDonald2-768x576.jpg 768w, https:\/\/cascadesraptorcenter.org\/wp-content\/uploads\/2021\/03\/Victoria-Willson-Damian-McDonald2-1536x1152.jpg 1536w, https:\/\/cascadesraptorcenter.org\/wp-content\/uploads\/2021\/03\/Victoria-Willson-Damian-McDonald2-600x450.jpg 600w\" sizes=\"(max-width: 1632px) 100vw, 1632px\" \/><\/div>\n\t\t<\/figure>\n\t<\/div>\n<\/div><\/div><\/div><div class=\"wpb_column vc_column_container vc_col-sm-4\"><div class=\"vc_column-inner\"><div class=\"wpb_wrapper\">\n\t<div  class=\"wpb_single_image wpb_content_element vc_align_ wpb_content_element\">\n\t\t\n\t\t<figure class=\"wpb_wrapper vc_figure\">\n\t\t\t<div class=\"vc_single_image-wrapper   vc_box_border_grey\"><img width=\"1600\" height=\"1200\" src=\"https:\/\/cascadesraptorcenter.org\/wp-content\/uploads\/2019\/12\/Erin-MinnockEric-Blanchard.jpg\" class=\"vc_single_image-img attachment-full\" alt=\"\" title=\"Docent Volunteer 3\" srcset=\"https:\/\/cascadesraptorcenter.org\/wp-content\/uploads\/2019\/12\/Erin-MinnockEric-Blanchard.jpg 1600w, https:\/\/cascadesraptorcenter.org\/wp-content\/uploads\/2019\/12\/Erin-MinnockEric-Blanchard-768x576.jpg 768w, https:\/\/cascadesraptorcenter.org\/wp-content\/uploads\/2019\/12\/Erin-MinnockEric-Blanchard-1024x768.jpg 1024w, https:\/\/cascadesraptorcenter.org\/wp-content\/uploads\/2019\/12\/Erin-MinnockEric-Blanchard-600x450.jpg 600w\" sizes=\"(max-width: 1600px) 100vw, 1600px\" \/><\/div>\n\t\t<\/figure>\n\t<\/div>\n<\/div><\/div><\/div><\/div><div class=\"vc_row wpb_row vc_row-fluid\"><div class=\"wpb_column vc_column_container vc_col-sm-2\"><div class=\"vc_column-inner\"><div class=\"wpb_wrapper\"><\/div><\/div><\/div><div class=\"wpb_column vc_column_container vc_col-sm-8\"><div class=\"vc_column-inner\"><div class=\"wpb_wrapper\">\n\t<div class=\"wpb_text_column wpb_content_element vc_custom_1657328289894\" >\n\t\t<div class=\"wpb_wrapper\">\n\t\t\t<p style=\"text-align: center;\"><span style=\"font-family: Lato; font-size: 18px;\"><strong>Tenga en cuenta: el equipo de docentes a\u00fan est\u00e1 en desarrollo.<\/strong> <\/span><\/p>\n<p style=\"text-align: center;\"><span style=\"font-family: Lato;\">Estamos recopilando solicitudes de personas interesadas en este trabajo y nos pondremos en contacto una vez que podamos comenzar la capacitaci\u00f3n.<\/span><\/p>\n\n\t\t<\/div>\n\t<\/div>\n\n\t<div class=\"wpb_text_column wpb_content_element vc_custom_1657328276275\" >\n\t\t<div class=\"wpb_wrapper\">\n\t\t\t<p>Los voluntarios del Docent Team interactuar\u00e1n directamente con el p\u00fablico respondiendo preguntas sobre residentes individuales o especies, facilitando &quot;mesas t\u00e1ctiles&quot; con artefactos aviares como alas, patas y huesos, conversando con los visitantes, reforzando las pautas del sitio y vigilando nuestro estacionamiento. .<\/p>\n<ul>\n<li>Requisito de tiempo:\n<ul>\n<li>M\u00ednimo un turno por semana (los turnos de los docentes son de 3,5 horas durante nuestra temporada de verano y de 3 horas en nuestra temporada de invierno). Estos turnos son los s\u00e1bados y domingos de 10 a 13:30 y de 13:30 a 17:00 (el horario de invierno ser\u00e1 s\u00e1bado y domingo de 10 a 13 y de 13 a 16 horas).<\/li>\n<\/ul>\n<\/li>\n<li>Consideraciones Especiales:\n<ul>\n<li>Las personas que se unan a este equipo deber\u00e1n realizar una serie de seminarios web en l\u00ednea con un miembro del personal y luego aprobar una prueba de conocimientos generales antes de ocupar este puesto.<\/li>\n<li>Cuanto m\u00e1s sepa, m\u00e1s \u00fatil ser\u00e1 para los hu\u00e9spedes. Se alienta a continuar desarrollando su conocimiento del centro, los residentes y las especies de aves rapaces nativas de Oreg\u00f3n. El personal siempre est\u00e1 disponible para ayudar a responder preguntas para las que quiz\u00e1s no sepa las respuestas.<\/li>\n<li>Ser cort\u00e9s, amable y agradable son partes esenciales de esta posici\u00f3n. Las interacciones con los invitados solo mejoran al conversar con personas apasionadas por las aves.<\/li>\n<li>El centro est\u00e1 abierto todo el a\u00f1o, llueva o truene. Tener un impermeable y buenas botas para caminar ayuda a los docentes mientras deambulan por el centro interactuando con los invitados.<\/li>\n<\/ul>\n<\/li>\n<\/ul>\n\n\t\t<\/div>\n\t<\/div>\n<div class=\"vcex-spacing wpex-w-100 wpex-clear\"><\/div>\n\t<div class=\"wpb_raw_code wpb_raw_html wpb_content_element\" >\n\t\t<div class=\"wpb_wrapper\">\n\t\t\t<script type=\"text\/javascript\" src=\"https:\/\/secure.lglforms.com\/form_engine\/s\/bTSc1JAaKr_ProS6__nn4Q.js\"><\/script><noscript><a href=\"https:\/\/secure.lglforms.com\/form_engine\/s\/bTSc1JAaKr_ProS6__nn4Q\">\u00a1Complete mi formulario LGL!<\/a><br\/><\/noscript>\n\t\t<\/div>\n\t<\/div>\n<\/div><\/div><\/div><div class=\"wpb_column vc_column_container vc_col-sm-2\"><div class=\"vc_column-inner\"><div class=\"wpb_wrapper\"><\/div><\/div><\/div><\/div><div class=\"vc_row wpb_row vc_row-fluid\"><div class=\"wpb_column vc_column_container vc_col-sm-12\"><div class=\"vc_column-inner\"><div class=\"wpb_wrapper\"><\/div><\/div><\/div><\/div>\n<\/div>","protected":false},"excerpt":{"rendered":"Please note: The docent team is still in development. We are gathering applications from people who are interested in this work and will be in touch once we are able to start training. Volunteers on the Docent Team will interact directly with the public answering questions about individual residents or species, facilitating \"touch tables\" with&hellip;","protected":false},"author":5,"featured_media":0,"parent":0,"menu_order":0,"comment_status":"closed","ping_status":"closed","template":"","meta":{"footnotes":""},"class_list":["post-9739","page","type-page","status-publish","hentry","entry","no-media"],"_links":{"self":[{"href":"https:\/\/cascadesraptorcenter.org\/es\/wp-json\/wp\/v2\/pages\/9739","targetHints":{"allow":["GET"]}}],"collection":[{"href":"https:\/\/cascadesraptorcenter.org\/es\/wp-json\/wp\/v2\/pages"}],"about":[{"href":"https:\/\/cascadesraptorcenter.org\/es\/wp-json\/wp\/v2\/types\/page"}],"author":[{"embeddable":true,"href":"https:\/\/cascadesraptorcenter.org\/es\/wp-json\/wp\/v2\/users\/5"}],"replies":[{"embeddable":true,"href":"https:\/\/cascadesraptorcenter.org\/es\/wp-json\/wp\/v2\/comments?post=9739"}],"version-history":[{"count":9,"href":"https:\/\/cascadesraptorcenter.org\/es\/wp-json\/wp\/v2\/pages\/9739\/revisions"}],"predecessor-version":[{"id":16540,"href":"https:\/\/cascadesraptorcenter.org\/es\/wp-json\/wp\/v2\/pages\/9739\/revisions\/16540"}],"wp:attachment":[{"href":"https:\/\/cascadesraptorcenter.org\/es\/wp-json\/wp\/v2\/media?parent=9739"}],"curies":[{"name":"wp","href":"https:\/\/api.w.org\/{rel}","templated":true}]}}