{"id":9720,"date":"2021-03-24T21:50:53","date_gmt":"2021-03-24T21:50:53","guid":{"rendered":"https:\/\/cascadesraptorcenter.org\/?page_id=9720"},"modified":"2025-10-14T13:21:39","modified_gmt":"2025-10-14T20:21:39","slug":"greeter-team","status":"publish","type":"page","link":"https:\/\/cascadesraptorcenter.org\/es\/greeter-team\/","title":{"rendered":"Equipo de bienvenida"},"content":{"rendered":"<div class=\"wpb-content-wrapper\"><div class=\"vc_row wpb_row vc_row-fluid\"><div class=\"wpb_column vc_column_container vc_col-sm-4\"><div class=\"vc_column-inner\"><div class=\"wpb_wrapper\">\n\t<div  class=\"wpb_single_image wpb_content_element vc_align_ wpb_content_element\">\n\t\t\n\t\t<figure class=\"wpb_wrapper vc_figure\">\n\t\t\t<div class=\"vc_single_image-wrapper   vc_box_border_grey\"><img width=\"2560\" height=\"1920\" src=\"https:\/\/cascadesraptorcenter.org\/wp-content\/uploads\/2021\/03\/Marni-Rapf-scaled.jpg\" class=\"vc_single_image-img attachment-full\" alt=\"\" title=\"Saludador 2\" srcset=\"https:\/\/cascadesraptorcenter.org\/wp-content\/uploads\/2021\/03\/Marni-Rapf-scaled.jpg 2560w, https:\/\/cascadesraptorcenter.org\/wp-content\/uploads\/2021\/03\/Marni-Rapf-300x225.jpg 300w, https:\/\/cascadesraptorcenter.org\/wp-content\/uploads\/2021\/03\/Marni-Rapf-1024x768.jpg 1024w, https:\/\/cascadesraptorcenter.org\/wp-content\/uploads\/2021\/03\/Marni-Rapf-768x576.jpg 768w, https:\/\/cascadesraptorcenter.org\/wp-content\/uploads\/2021\/03\/Marni-Rapf-1536x1152.jpg 1536w, https:\/\/cascadesraptorcenter.org\/wp-content\/uploads\/2021\/03\/Marni-Rapf-2048x1536.jpg 2048w, https:\/\/cascadesraptorcenter.org\/wp-content\/uploads\/2021\/03\/Marni-Rapf-600x450.jpg 600w\" sizes=\"(max-width: 2560px) 100vw, 2560px\" \/><\/div>\n\t\t<\/figure>\n\t<\/div>\n<\/div><\/div><\/div><div class=\"wpb_column vc_column_container vc_col-sm-4\"><div class=\"vc_column-inner\"><div class=\"wpb_wrapper\">\n\t<div  class=\"wpb_single_image wpb_content_element vc_align_ wpb_content_element\">\n\t\t\n\t\t<figure class=\"wpb_wrapper vc_figure\">\n\t\t\t<div class=\"vc_single_image-wrapper   vc_box_border_grey\"><img width=\"2560\" height=\"1664\" src=\"https:\/\/cascadesraptorcenter.org\/wp-content\/uploads\/2022\/03\/Volunteer-3-scaled.jpg\" class=\"vc_single_image-img attachment-full\" alt=\"A volunteer greeter working in the visitor center\" title=\"Saludador 3\" srcset=\"https:\/\/cascadesraptorcenter.org\/wp-content\/uploads\/2022\/03\/Volunteer-3-scaled.jpg 2560w, https:\/\/cascadesraptorcenter.org\/wp-content\/uploads\/2022\/03\/Volunteer-3-300x195.jpg 300w, https:\/\/cascadesraptorcenter.org\/wp-content\/uploads\/2022\/03\/Volunteer-3-1024x666.jpg 1024w, https:\/\/cascadesraptorcenter.org\/wp-content\/uploads\/2022\/03\/Volunteer-3-768x499.jpg 768w, https:\/\/cascadesraptorcenter.org\/wp-content\/uploads\/2022\/03\/Volunteer-3-1536x998.jpg 1536w, https:\/\/cascadesraptorcenter.org\/wp-content\/uploads\/2022\/03\/Volunteer-3-2048x1331.jpg 2048w, https:\/\/cascadesraptorcenter.org\/wp-content\/uploads\/2022\/03\/Volunteer-3-18x12.jpg 18w, https:\/\/cascadesraptorcenter.org\/wp-content\/uploads\/2022\/03\/Volunteer-3-600x390.jpg 600w\" sizes=\"(max-width: 2560px) 100vw, 2560px\" \/><\/div>\n\t\t<\/figure>\n\t<\/div>\n<\/div><\/div><\/div><div class=\"wpb_column vc_column_container vc_col-sm-4\"><div class=\"vc_column-inner\"><div class=\"wpb_wrapper\">\n\t<div  class=\"wpb_single_image wpb_content_element vc_align_ wpb_content_element\">\n\t\t\n\t\t<figure class=\"wpb_wrapper vc_figure\">\n\t\t\t<div class=\"vc_single_image-wrapper   vc_box_border_grey\"><img width=\"2016\" height=\"1512\" src=\"https:\/\/cascadesraptorcenter.org\/wp-content\/uploads\/2021\/03\/Cindy-St.-Claire.jpg\" class=\"vc_single_image-img attachment-full\" alt=\"\" title=\"Saludador 1\" srcset=\"https:\/\/cascadesraptorcenter.org\/wp-content\/uploads\/2021\/03\/Cindy-St.-Claire.jpg 2016w, https:\/\/cascadesraptorcenter.org\/wp-content\/uploads\/2021\/03\/Cindy-St.-Claire-300x225.jpg 300w, https:\/\/cascadesraptorcenter.org\/wp-content\/uploads\/2021\/03\/Cindy-St.-Claire-1024x768.jpg 1024w, https:\/\/cascadesraptorcenter.org\/wp-content\/uploads\/2021\/03\/Cindy-St.-Claire-768x576.jpg 768w, https:\/\/cascadesraptorcenter.org\/wp-content\/uploads\/2021\/03\/Cindy-St.-Claire-1536x1152.jpg 1536w, https:\/\/cascadesraptorcenter.org\/wp-content\/uploads\/2021\/03\/Cindy-St.-Claire-600x450.jpg 600w\" sizes=\"(max-width: 2016px) 100vw, 2016px\" \/><\/div>\n\t\t<\/figure>\n\t<\/div>\n<\/div><\/div><\/div><\/div><div class=\"vc_row wpb_row vc_row-fluid\"><div class=\"wpb_column vc_column_container vc_col-sm-12\"><div class=\"vc_column-inner\"><div class=\"wpb_wrapper\">\n\t<div class=\"wpb_text_column wpb_content_element vc_custom_1760473280654\" >\n\t\t<div class=\"wpb_wrapper\">\n\t\t\t<div class=\"vc_row wpb_row vc_row-fluid\">\n<div class=\"wpb_column vc_column_container vc_col-sm-4\">\n<div class=\"vc_column-inner\">\n<div class=\"wpb_wrapper\">\n<div class=\"wpb_single_image wpb_content_element vc_align_ wpb_content_element\">\n<figure class=\"wpb_wrapper vc_figure\">\n<div class=\"vc_single_image-wrapper vc_box_border_grey\"><\/div>\n<\/figure>\n<\/div>\n<\/div>\n<\/div>\n<\/div>\n<div class=\"wpb_column vc_column_container vc_col-sm-4\">\n<div class=\"vc_column-inner\">\n<div class=\"wpb_wrapper\">\n<div class=\"wpb_single_image wpb_content_element vc_align_ wpb_content_element\">\n<figure class=\"wpb_wrapper vc_figure\">\n<div class=\"vc_single_image-wrapper vc_box_border_grey\"><\/div>\n<\/figure>\n<\/div>\n<\/div>\n<\/div>\n<\/div>\n<\/div>\n<div class=\"vc_row wpb_row vc_row-fluid\">\n<div class=\"wpb_column vc_column_container vc_col-sm-12\">\n<div class=\"vc_column-inner\">\n<div class=\"wpb_wrapper\">\n<div class=\"wpb_text_column wpb_content_element vc_custom_1737589157397\">\n<div class=\"wpb_wrapper\">\n<p style=\"text-align: center;\"><strong>WE CURRENTLY HAVE 2 OPENINGS!<\/strong><\/p>\n<\/div>\n<\/div>\n<\/div>\n<\/div>\n<\/div>\n<\/div>\n<p style=\"text-align: center;\"><strong><span style=\"font-family: Lato;\">\u00a0<\/span><\/strong><\/p>\n\n\t\t<\/div>\n\t<\/div>\n\n\t<div class=\"wpb_text_column wpb_content_element\" >\n\t\t<div class=\"wpb_wrapper\">\n\t\t\t<p>&nbsp;<\/p>\n<p>Los voluntarios del equipo de bienvenida son responsables de registrar a los invitados cuando llegan, administrar nuestra tienda de regalos, orientar a los visitantes y responder preguntas, y el mantenimiento general de la tienda.<\/p>\n<p><strong>Compromiso de tiempo:<\/strong><\/p>\n<ul>\n<li style=\"list-style-type: none;\">\n<ul>\n<li>Un m\u00ednimo de 2 turnos de recepci\u00f3n por mes (la mayor\u00eda de los recepcionistas trabajan un turno semanal).<\/li>\n<li>Los turnos de recepci\u00f3n son de 3,5 horas durante la primavera\/verano y de 3 horas en oto\u00f1o\/invierno.<\/li>\n<\/ul>\n<\/li>\n<\/ul>\n<p><strong>Consideraciones Especiales:<\/strong><\/p>\n<ul>\n<li style=\"list-style-type: none;\">\n<ul>\n<li>Como saludador, usted es el primer rostro, ya menudo el \u00faltimo, que ven los visitantes. \u00a1La actitud lo es todo en esta posici\u00f3n! Un gran saludador es cort\u00e9s, amable y agradable. La voluntad de compartir nuestro trabajo con entusiasmo lo convertir\u00e1 en un favorito en Yelp, Trip Advisor y las redes sociales donde los hu\u00e9spedes comentan sobre su experiencia.<\/li>\n<li>Greeters need to be comfortable with handling cash and credit card transactions.<\/li>\n<li>Being on the front line of interaction with the public, greeters get lots of questions about the center. The more you learn about our work, the better you will be able to respond. Staff are always around to help with questions for which you don&#8217;t know the answer.<\/li>\n<\/ul>\n<\/li>\n<\/ul>\n\n\t\t<\/div>\n\t<\/div>\n<div class=\"vcex-spacing wpex-w-100 wpex-clear\"><\/div>\n\t<div class=\"wpb_raw_code wpb_raw_html wpb_content_element\" >\n\t\t<div class=\"wpb_wrapper\">\n\t\t\t<script type=\"text\/javascript\" src=\"https:\/\/secure.lglforms.com\/form_engine\/s\/zkXO2kwcuFIP0b3XBV4ZWQ.js\"><\/script><noscript><a href=\"https:\/\/secure.lglforms.com\/form_engine\/s\/zkXO2kwcuFIP0b3XBV4ZWQ\">\u00a1Complete mi formulario LGL!<\/a><br\/><\/noscript>\n\t\t<\/div>\n\t<\/div>\n<\/div><\/div><\/div><\/div>\n<\/div>","protected":false},"excerpt":{"rendered":"WE CURRENTLY HAVE 2 OPENINGS! \u00a0 &nbsp; Volunteers on the Greeter Team are responsible for checking guests in when they arrive, running our gift shop, orienting visitors and answering questions, and general shop upkeep. Time Commitment: A minimum of 2 greeter shifts per month (most greeters work a weekly shift). Greeter shifts are 3.5 hours&hellip;","protected":false},"author":5,"featured_media":0,"parent":0,"menu_order":0,"comment_status":"closed","ping_status":"closed","template":"","meta":{"footnotes":""},"class_list":["post-9720","page","type-page","status-publish","hentry","entry","no-media"],"_links":{"self":[{"href":"https:\/\/cascadesraptorcenter.org\/es\/wp-json\/wp\/v2\/pages\/9720","targetHints":{"allow":["GET"]}}],"collection":[{"href":"https:\/\/cascadesraptorcenter.org\/es\/wp-json\/wp\/v2\/pages"}],"about":[{"href":"https:\/\/cascadesraptorcenter.org\/es\/wp-json\/wp\/v2\/types\/page"}],"author":[{"embeddable":true,"href":"https:\/\/cascadesraptorcenter.org\/es\/wp-json\/wp\/v2\/users\/5"}],"replies":[{"embeddable":true,"href":"https:\/\/cascadesraptorcenter.org\/es\/wp-json\/wp\/v2\/comments?post=9720"}],"version-history":[{"count":35,"href":"https:\/\/cascadesraptorcenter.org\/es\/wp-json\/wp\/v2\/pages\/9720\/revisions"}],"predecessor-version":[{"id":38108,"href":"https:\/\/cascadesraptorcenter.org\/es\/wp-json\/wp\/v2\/pages\/9720\/revisions\/38108"}],"wp:attachment":[{"href":"https:\/\/cascadesraptorcenter.org\/es\/wp-json\/wp\/v2\/media?parent=9720"}],"curies":[{"name":"wp","href":"https:\/\/api.w.org\/{rel}","templated":true}]}}