{"id":5155,"date":"2020-07-08T20:55:12","date_gmt":"2020-07-08T20:55:12","guid":{"rendered":"http:\/\/cascadesraptorcenter.org\/?page_id=5155"},"modified":"2023-05-26T18:39:15","modified_gmt":"2023-05-26T18:39:15","slug":"enewsletter","status":"publish","type":"page","link":"https:\/\/cascadesraptorcenter.org\/es\/enewsletter\/","title":{"rendered":"bolet\u00edn electr\u00f3nico"},"content":{"rendered":"<div class=\"wpb-content-wrapper\"><div class=\"vc_row wpb_row vc_row-fluid\"><div class=\"wpb_column vc_column_container vc_col-sm-4\"><div class=\"vc_column-inner\"><div class=\"wpb_wrapper\">\n\t<div  class=\"wpb_single_image wpb_content_element vc_align_ wpb_content_element\">\n\t\t\n\t\t<figure class=\"wpb_wrapper vc_figure\">\n\t\t\t<div class=\"vc_single_image-wrapper   vc_box_border_grey\"><img width=\"1292\" height=\"1292\" src=\"https:\/\/cascadesraptorcenter.org\/wp-content\/uploads\/2019\/11\/IMG_8451-scaled-e1671670446762.jpg\" class=\"vc_single_image-img attachment-full\" alt=\"\" title=\"Imagen_8451\" srcset=\"https:\/\/cascadesraptorcenter.org\/wp-content\/uploads\/2019\/11\/IMG_8451-scaled-e1671670446762.jpg 1292w, https:\/\/cascadesraptorcenter.org\/wp-content\/uploads\/2019\/11\/IMG_8451-scaled-e1671670446762-300x300.jpg 300w, https:\/\/cascadesraptorcenter.org\/wp-content\/uploads\/2019\/11\/IMG_8451-scaled-e1671670446762-1024x1024.jpg 1024w, https:\/\/cascadesraptorcenter.org\/wp-content\/uploads\/2019\/11\/IMG_8451-scaled-e1671670446762-150x150.jpg 150w, https:\/\/cascadesraptorcenter.org\/wp-content\/uploads\/2019\/11\/IMG_8451-scaled-e1671670446762-768x768.jpg 768w, https:\/\/cascadesraptorcenter.org\/wp-content\/uploads\/2019\/11\/IMG_8451-scaled-e1671670446762-12x12.jpg 12w, https:\/\/cascadesraptorcenter.org\/wp-content\/uploads\/2019\/11\/IMG_8451-scaled-e1671670446762-600x600.jpg 600w, https:\/\/cascadesraptorcenter.org\/wp-content\/uploads\/2019\/11\/IMG_8451-scaled-e1671670446762-100x100.jpg 100w\" sizes=\"(max-width: 1292px) 100vw, 1292px\" \/><\/div>\n\t\t<\/figure>\n\t<\/div>\n<\/div><\/div><\/div><div class=\"wpb_column vc_column_container vc_col-sm-4\"><div class=\"vc_column-inner\"><div class=\"wpb_wrapper\">\n\t<div style=\"width:750px;\" class=\"wpb_text_column wpex-max-w-100 wpex-mx-auto wpb_content_element vc_custom_1685126350527\" >\n\t\t<div class=\"wpb_wrapper\">\n\t\t\t<h2 style=\"text-align: left;\">\u00bfTienes curiosidad por saber qu\u00e9 est\u00e1 pasando aqu\u00ed?<\/h2>\n<h2 style=\"text-align: left;\">\u00a1Suscr\u00edbete a nuestro bolet\u00edn!<\/h2>\n<p style=\"text-align: left;\">\u00bfQuieres estar al tanto de las \u00faltimas novedades del Cascades Raptor Center? Suscr\u00edbete a nuestro bolet\u00edn mensual por correo electr\u00f3nico para enterarte de las novedades, incluyendo eventos especiales, actividades de recaudaci\u00f3n de fondos para la comunidad y otras actividades.<\/p>\n<p style=\"text-align: left;\"><span style=\"font-size: 14px;\"><strong>Nota:<\/strong> Si recientemente ha donado, se ha hecho miembro o ha adoptado un ave, ya est\u00e1 suscrito a nuestro bolet\u00edn.<\/span><\/p>\n\n\t\t<\/div>\n\t<\/div>\n<\/div><\/div><\/div><div class=\"wpb_column vc_column_container vc_col-sm-4\"><div class=\"vc_column-inner\"><div class=\"wpb_wrapper\">\n\t<div class=\"wpb_text_column wpb_content_element\" >\n\t\t<div class=\"wpb_wrapper\">\n\t\t\t<div data-form-id=\"2014\" id=\"ctct-form-wrapper-0\" class=\"ctct-form-wrapper\"><span class=\"ctct-form-description\" ><h4>Suscripci\u00f3n al bolet\u00edn electr\u00f3nico mensual<\/h4>\n<\/span><form class=\"ctct-form ctct-form-2014 comment-form  has-recaptcha ctct-default\" id=\"ctct-form-1107000024\" data-doajax=\"off\" style=\"\" action=\"\" method=\"post\" data-trp-original-action=\"\"><p class=\"ctct-form-field ctct-form-field-text ctct-form-field-required\"><span class=\"ctct-label-top\"><label for=\"first_name___7e7a6eef7e0a3734f39d6757b27d474b_0_2555204356\">Primer nombre <abbr title=\"requerido\">*<\/abbr><\/label><\/span><input required type=\"text\" id=\"first_name___7e7a6eef7e0a3734f39d6757b27d474b_0_2555204356\" name=\"first_name___7e7a6eef7e0a3734f39d6757b27d474b\"  value=\"\" class=\"ctct-text ctct-label-top first_name___7e7a6eef7e0a3734f39d6757b27d474b\" maxlength=\"255\" placeholder=\"\"  \/><\/p><p class=\"ctct-form-field ctct-form-field-text ctct-form-field-required\"><span class=\"ctct-label-top\"><label for=\"last_name___86b6d953df0fd1bff8e02cde526c2b3c_0_2274335416\">Apellido <abbr title=\"requerido\">*<\/abbr><\/label><\/span><input required type=\"text\" id=\"last_name___86b6d953df0fd1bff8e02cde526c2b3c_0_2274335416\" name=\"last_name___86b6d953df0fd1bff8e02cde526c2b3c\"  value=\"\" class=\"ctct-text ctct-label-top last_name___86b6d953df0fd1bff8e02cde526c2b3c\" maxlength=\"255\" placeholder=\"\"  \/><\/p><p class=\"ctct-form-field ctct-form-field-email ctct-form-field-required\"><span class=\"ctct-label-top\"><label for=\"email___ecd412e904309dcce66177488240b016_0_1823507734\">Correo electr\u00f3nico <abbr title=\"requerido\">*<\/abbr><\/label><\/span><input required type=\"email\" id=\"email___ecd412e904309dcce66177488240b016_0_1823507734\" name=\"email___ecd412e904309dcce66177488240b016\"  value=\"\" class=\"ctct-email ctct-label-top email___ecd412e904309dcce66177488240b016\"  placeholder=\"\"  \/><\/p><div class='ctct-list-selector' style='display:none;'><div class=\"ctct-form-field ctct-form-field-checkbox ctct-form-field-required\"><fieldset><legend class=\"ctct-label-top\">Select list(s) to subscribe to<\/legend><\/fieldset><\/div><\/div><div class=\"ctct-optin-hide\" style=\"display:none;\"><p class=\"ctct-form-field ctct-form-field-checkbox\"><span class=\"ctct-input-container\"><input type=\"checkbox\" checked name=\"ctct-opt-in\" class=\"ctct-checkbox ctct-opt-in\" value=\"1\" id=\"ctct-opt-in_0\" \/><label for=\"ctct-opt-in_0\"> Ejemplo: S\u00ed, me gustar\u00eda recibir correos electr\u00f3nicos de Cascades Raptor Center. (Puede anular su suscripci\u00f3n en cualquier momento)<\/label><\/span><\/p><\/div><!--.ctct-optin-hide --><p class=\"ctct-form-field ctct-form-field-submit\"><input  type=\"submit\" id=\"ctct-submitted_0_219936985\" name=\"ctct-submitted\"  value=\"Inscribirse\" class=\"ctct-submit ctct-label-top ctct-submitted\"    \/><\/p><div class=\"ctct_usage\" style=\"border: 0 none; clip: rect( 0, 0, 0, 0 ); height: 1px; margin: -1px; overflow: hidden; padding: 0; position: absolute; width: 1px;\"><label for=\"ctct_usage_field\">Constant Contact Use. Please leave this field blank.<\/label><input type=\"text\" value=\"\" id=\"ctct_usage_field\" name=\"ctct_usage_field\" class=\"ctct_usage_field\" tabindex=\"-1\" \/><\/div><input type=\"hidden\" name=\"ctct-id\" value=\"2014\" \/><input type=\"hidden\" name=\"ctct-verify\" value=\"yCqXGREHi13adXziWnmXgTv7h\" \/><input type=\"hidden\" name=\"ctct-instance\" value=\"0\" \/><input type=\"hidden\" name=\"ctct_time\" value=\"1775620105\" \/><input type=\"hidden\" name=\"trp-form-language\" value=\"es\"\/><\/form><script type=\"text\/javascript\">var ajaxurl = \"https:\/\/cascadesraptorcenter.org\/wp-admin\/admin-ajax.php\";<\/script><\/div>\n\n\t\t<\/div>\n\t<\/div>\n<\/div><\/div><\/div><\/div>\n<\/div>","protected":false},"excerpt":{"rendered":"Curious about what's happening here? Sign up for our newsletter! Want to keep up with the latest happenings at Cascades Raptor Center? Sign up for our monthly email newsletter to hear about what's new, including special events, community fundraisers, and other goings-on. Note: If you have recently donated, become a member, or adopted a bird,&hellip;","protected":false},"author":25,"featured_media":0,"parent":0,"menu_order":0,"comment_status":"closed","ping_status":"closed","template":"","meta":{"footnotes":""},"class_list":["post-5155","page","type-page","status-publish","hentry","entry","no-media"],"_links":{"self":[{"href":"https:\/\/cascadesraptorcenter.org\/es\/wp-json\/wp\/v2\/pages\/5155","targetHints":{"allow":["GET"]}}],"collection":[{"href":"https:\/\/cascadesraptorcenter.org\/es\/wp-json\/wp\/v2\/pages"}],"about":[{"href":"https:\/\/cascadesraptorcenter.org\/es\/wp-json\/wp\/v2\/types\/page"}],"author":[{"embeddable":true,"href":"https:\/\/cascadesraptorcenter.org\/es\/wp-json\/wp\/v2\/users\/25"}],"replies":[{"embeddable":true,"href":"https:\/\/cascadesraptorcenter.org\/es\/wp-json\/wp\/v2\/comments?post=5155"}],"version-history":[{"count":14,"href":"https:\/\/cascadesraptorcenter.org\/es\/wp-json\/wp\/v2\/pages\/5155\/revisions"}],"predecessor-version":[{"id":22166,"href":"https:\/\/cascadesraptorcenter.org\/es\/wp-json\/wp\/v2\/pages\/5155\/revisions\/22166"}],"wp:attachment":[{"href":"https:\/\/cascadesraptorcenter.org\/es\/wp-json\/wp\/v2\/media?parent=5155"}],"curies":[{"name":"wp","href":"https:\/\/api.w.org\/{rel}","templated":true}]}}