{"id":2650,"date":"2020-01-30T23:35:52","date_gmt":"2020-01-30T23:35:52","guid":{"rendered":"http:\/\/cascadesraptorcenter.org\/?page_id=2650"},"modified":"2024-06-14T20:55:53","modified_gmt":"2024-06-14T20:55:53","slug":"business-partners","status":"publish","type":"page","link":"https:\/\/cascadesraptorcenter.org\/es\/business-partners\/","title":{"rendered":"Compa\u00f1eros de negocio"},"content":{"rendered":"<div class=\"wpb-content-wrapper\"><div class=\"vc_row wpb_row vc_row-fluid\"><div class=\"wpb_column vc_column_container vc_col-sm-12\"><div class=\"vc_column-inner\"><div class=\"wpb_wrapper\">\n\t<div class=\"wpb_text_column wpb_content_element vc_custom_1715895589409\" >\n\t\t<div class=\"wpb_wrapper\">\n\t\t\t<h1><span style=\"color: #375f70;\">Thank you to our business partners!<\/span><\/h1>\n<p>Local businesses support Cascades Raptor Center in almost every aspect of our operation. Our sponsors donate materials and expertise, underwrite special events, bring employee work parties to our site, and much more. Please join us in thanking and supporting them.<\/p>\n<h3>Interested in becoming a sponsor?<\/h3>\n<p>We&#8217;d love to chat! Please contact our Development Director Maddy Broedel at <a href=\"mailto:maddy@cascadesraptorcenter.org\">maddy@cascadesraptorcenter.org<\/a>.<\/p>\n<p>&nbsp;<\/p>\n\n\t\t<\/div>\n\t<\/div>\n<\/div><\/div><\/div><\/div><div class=\"vc_row wpb_row vc_row-fluid\"><div class=\"wpb_column vc_column_container vc_col-sm-4\"><div class=\"vc_column-inner\"><div class=\"wpb_wrapper\">\n\t<div  class=\"wpb_single_image wpb_content_element vc_align_ wpb_content_element vc_custom_1717089706211\">\n\t\t\n\t\t<figure class=\"wpb_wrapper vc_figure\">\n\t\t\t<a href=\"https:\/\/cetanfunds.com\/investors\/\" target=\"_self\" class=\"vc_single_image-wrapper   vc_box_border_grey\"><img width=\"2560\" height=\"932\" src=\"https:\/\/cascadesraptorcenter.org\/wp-content\/uploads\/2021\/03\/CetanFunds_tag_cmyk-scaled.jpg\" class=\"vc_single_image-img attachment-full\" alt=\"Cetan Funds\" title=\"CetanFunds_tag_cmyk\" srcset=\"https:\/\/cascadesraptorcenter.org\/wp-content\/uploads\/2021\/03\/CetanFunds_tag_cmyk-scaled.jpg 2560w, https:\/\/cascadesraptorcenter.org\/wp-content\/uploads\/2021\/03\/CetanFunds_tag_cmyk-300x109.jpg 300w, https:\/\/cascadesraptorcenter.org\/wp-content\/uploads\/2021\/03\/CetanFunds_tag_cmyk-1024x373.jpg 1024w, https:\/\/cascadesraptorcenter.org\/wp-content\/uploads\/2021\/03\/CetanFunds_tag_cmyk-768x280.jpg 768w, https:\/\/cascadesraptorcenter.org\/wp-content\/uploads\/2021\/03\/CetanFunds_tag_cmyk-1536x559.jpg 1536w, https:\/\/cascadesraptorcenter.org\/wp-content\/uploads\/2021\/03\/CetanFunds_tag_cmyk-2048x745.jpg 2048w, https:\/\/cascadesraptorcenter.org\/wp-content\/uploads\/2021\/03\/CetanFunds_tag_cmyk-600x218.jpg 600w\" sizes=\"(max-width: 2560px) 100vw, 2560px\" \/><\/a>\n\t\t<\/figure>\n\t<\/div>\n\n\t<div class=\"wpb_text_column wpb_content_element\" >\n\t\t<div class=\"wpb_wrapper\">\n\t\t\t<p>Cetan Funds helps investors build wealth through real estate. They fund private loans for real estate investors, developers, and builders, while also offering a passive investment opportunity in Cetan Income Fund for accredited investors or Cetan Opportunity Fund for Qualified Oregonians. Based in Eugene, Oregon, Cetan Funds is committed to having a positive impact on our local communities.<\/p>\n\n\t\t<\/div>\n\t<\/div>\n<\/div><\/div><\/div><div class=\"wpb_column vc_column_container vc_col-sm-4\"><div class=\"vc_column-inner\"><div class=\"wpb_wrapper\">\n\t<div  class=\"wpb_single_image wpb_content_element vc_align_ wpb_content_element vc_custom_1616026842110\">\n\t\t\n\t\t<figure class=\"wpb_wrapper vc_figure\">\n\t\t\t<a href=\"https:\/\/eugene.wbu.com\/?utm_source=google&amp;utm_medium=local&amp;utm_campaign=localmaps&amp;utm_content=444\" target=\"_blank\" class=\"vc_single_image-wrapper   vc_box_border_grey\"><img width=\"200\" height=\"224\" src=\"https:\/\/cascadesraptorcenter.org\/wp-content\/uploads\/2020\/01\/WBU-Eugene-Logo-5.26.jpg\" class=\"vc_single_image-img attachment-full\" alt=\"Wild Birds Unlimited Nature Shop\" title=\"WBU-Eugene-Logo-vector\" \/><\/a>\n\t\t<\/figure>\n\t<\/div>\n\n\t<div class=\"wpb_text_column wpb_content_element\" >\n\t\t<div class=\"wpb_wrapper\">\n\t\t\t<p>\u00a1Wild Birds Unlimited of Eugene se especializa en unir a las personas y la naturaleza! Abrimos nuestras puertas en abril de 2013, en 2510 Willamette Street en Eugene, Oreg\u00f3n. Los propietarios, Barbara y Dan Gleason, tienen una amplia experiencia en biolog\u00eda e ilustraci\u00f3n, y ambos han sido aficionados a la alimentaci\u00f3n de aves en el patio trasero durante muchos a\u00f1os.<\/p>\n\n\t\t<\/div>\n\t<\/div>\n<\/div><\/div><\/div><div class=\"wpb_column vc_column_container vc_col-sm-4\"><div class=\"vc_column-inner\"><div class=\"wpb_wrapper\">\n\t<div  class=\"wpb_single_image wpb_content_element vc_align_center wpb_content_element\">\n\t\t\n\t\t<figure class=\"wpb_wrapper vc_figure\">\n\t\t\t<div class=\"vc_single_image-wrapper   vc_box_border_grey\"><img width=\"851\" height=\"548\" src=\"https:\/\/cascadesraptorcenter.org\/wp-content\/uploads\/2023\/02\/WildishLogo.png\" class=\"vc_single_image-img attachment-full\" alt=\"\" title=\"WildishLogo\" srcset=\"https:\/\/cascadesraptorcenter.org\/wp-content\/uploads\/2023\/02\/WildishLogo.png 851w, https:\/\/cascadesraptorcenter.org\/wp-content\/uploads\/2023\/02\/WildishLogo-300x193.png 300w, https:\/\/cascadesraptorcenter.org\/wp-content\/uploads\/2023\/02\/WildishLogo-768x495.png 768w, https:\/\/cascadesraptorcenter.org\/wp-content\/uploads\/2023\/02\/WildishLogo-18x12.png 18w, https:\/\/cascadesraptorcenter.org\/wp-content\/uploads\/2023\/02\/WildishLogo-600x386.png 600w\" sizes=\"(max-width: 851px) 100vw, 851px\" \/><\/div>\n\t\t<\/figure>\n\t<\/div>\n\n\t<div class=\"wpb_text_column wpb_content_element vc_custom_1700162937784\" >\n\t\t<div class=\"wpb_wrapper\">\n\t\t\t<p>Established in Lane County, Oregon, in 1935, Wildish is a fourth-generation family-owned business working in structural and architectural concrete, carpentry and related installations, earthwork\/site work, and site paving. We believe it is important to contribute to the wellbeing of communities in which we live and work.<\/p>\n\n\t\t<\/div>\n\t<\/div>\n<\/div><\/div><\/div><\/div><div class=\"vc_row wpb_row vc_row-fluid\"><div class=\"wpb_column vc_column_container vc_col-sm-4\"><div class=\"vc_column-inner\"><div class=\"wpb_wrapper\">\n\t<div  class=\"wpb_single_image wpb_content_element vc_align_ wpb_content_element\">\n\t\t\n\t\t<figure class=\"wpb_wrapper vc_figure\">\n\t\t\t<a href=\"https:\/\/www.mountainroseherbs.com\/\" target=\"_blank\" class=\"vc_single_image-wrapper   vc_box_border_grey\"><img width=\"2918\" height=\"814\" src=\"https:\/\/cascadesraptorcenter.org\/wp-content\/uploads\/2020\/01\/logo-1.png\" class=\"vc_single_image-img attachment-full\" alt=\"Mountain Rose Herbs\" title=\"logo\" srcset=\"https:\/\/cascadesraptorcenter.org\/wp-content\/uploads\/2020\/01\/logo-1.png 2918w, https:\/\/cascadesraptorcenter.org\/wp-content\/uploads\/2020\/01\/logo-1-300x84.png 300w, https:\/\/cascadesraptorcenter.org\/wp-content\/uploads\/2020\/01\/logo-1-768x214.png 768w, https:\/\/cascadesraptorcenter.org\/wp-content\/uploads\/2020\/01\/logo-1-1024x286.png 1024w, https:\/\/cascadesraptorcenter.org\/wp-content\/uploads\/2020\/01\/logo-1-600x167.png 600w\" sizes=\"(max-width: 2918px) 100vw, 2918px\" \/><\/a>\n\t\t<\/figure>\n\t<\/div>\n\n\t<div class=\"wpb_text_column wpb_content_element vc_custom_1700162882148\" >\n\t\t<div class=\"wpb_wrapper\">\n\t\t\t<p style=\"text-align: left;\">Mountain Rose Herbs Mercantile, ubicada en el centro de Eugene, Oreg\u00f3n, ofrece una selecci\u00f3n de productos populares adecuados para uso dom\u00e9stico. Desde la calidad del producto y el empaque sostenible hasta las pr\u00e1cticas comerciales justas y la conservaci\u00f3n de cuencas hidrogr\u00e1ficas, se enorgullecen de hacer negocios bien. MRH cree que las personas, las plantas y el planeta son m\u00e1s importantes que las ganancias.<\/p>\n\n\t\t<\/div>\n\t<\/div>\n<\/div><\/div><\/div><div class=\"wpb_column vc_column_container vc_col-sm-4\"><div class=\"vc_column-inner\"><div class=\"wpb_wrapper\">\n\t<div  class=\"wpb_single_image wpb_content_element vc_align_ wpb_content_element vc_custom_1580427521092\">\n\t\t\n\t\t<figure class=\"wpb_wrapper vc_figure\">\n\t\t\t<a href=\"https:\/\/partneredsolutionsit.com\/\" target=\"_blank\" class=\"vc_single_image-wrapper   vc_box_border_grey\"><img width=\"203\" height=\"90\" src=\"https:\/\/cascadesraptorcenter.org\/wp-content\/uploads\/2020\/01\/Partnered-Solutions-IT-logo.png\" class=\"vc_single_image-img attachment-full\" alt=\"Partnered Solutions IT\" title=\"Partnered-Solutions-IT-logo\" \/><\/a>\n\t\t<\/figure>\n\t<\/div>\n\n\t<div class=\"wpb_text_column wpb_content_element vc_custom_1700162870501\" >\n\t\t<div class=\"wpb_wrapper\">\n\t\t\t<p style=\"text-align: left;\">Partnered Solutions IT proporciona soluciones de gesti\u00f3n y continuidad que optimizan la eficiencia y mitigan el riesgo para las empresas. Fundada en 2011 por el CEO Robert Steck, PSIT ha crecido para respaldar la seguridad, la gesti\u00f3n de TI y la consulta para empresas en los sectores verticales de salud, finanzas, gobierno y fabricaci\u00f3n global.<\/p>\n\n\t\t<\/div>\n\t<\/div>\n<\/div><\/div><\/div><div class=\"wpb_column vc_column_container vc_col-sm-4\"><div class=\"vc_column-inner\"><div class=\"wpb_wrapper\">\n\t<div  class=\"wpb_single_image wpb_content_element vc_align_ wpb_content_element vc_custom_1580427587724\">\n\t\t\n\t\t<figure class=\"wpb_wrapper vc_figure\">\n\t\t\t<a href=\"https:\/\/rubyporter.com\/\" target=\"_blank\" class=\"vc_single_image-wrapper   vc_box_border_grey\"><img width=\"800\" height=\"166\" src=\"https:\/\/cascadesraptorcenter.org\/wp-content\/uploads\/2020\/01\/ruby-porter-marketing-design.jpg\" class=\"vc_single_image-img attachment-full\" alt=\"Ruby Porter Marketing and Design\" title=\"ruby-porter-marketing-&amp;-design\" srcset=\"https:\/\/cascadesraptorcenter.org\/wp-content\/uploads\/2020\/01\/ruby-porter-marketing-design.jpg 800w, https:\/\/cascadesraptorcenter.org\/wp-content\/uploads\/2020\/01\/ruby-porter-marketing-design-300x62.jpg 300w, https:\/\/cascadesraptorcenter.org\/wp-content\/uploads\/2020\/01\/ruby-porter-marketing-design-768x159.jpg 768w, https:\/\/cascadesraptorcenter.org\/wp-content\/uploads\/2020\/01\/ruby-porter-marketing-design-600x125.jpg 600w\" sizes=\"(max-width: 800px) 100vw, 800px\" \/><\/a>\n\t\t<\/figure>\n\t<\/div>\n\n\t<div class=\"wpb_text_column wpb_content_element vc_custom_1700162890696\" >\n\t\t<div class=\"wpb_wrapper\">\n\t\t\t<p style=\"text-align: left;\">Ruby Porter Marketing &amp; Design es una agencia de publicidad digital de servicio completo ubicada en Eugene, Oreg\u00f3n, con experiencia en dise\u00f1o gr\u00e1fico y de sitios web receptivos, desarrollo de aplicaciones personalizadas, aplicaciones m\u00f3viles, administraci\u00f3n de redes sociales, optimizaci\u00f3n de motores de b\u00fasqueda y publicidad de pago por clic.<\/p>\n\n\t\t<\/div>\n\t<\/div>\n<\/div><\/div><\/div><\/div><div class=\"vc_row wpb_row vc_row-fluid\"><div class=\"wpb_column vc_column_container vc_col-sm-4\"><div class=\"vc_column-inner\"><div class=\"wpb_wrapper\">\n\t<div  class=\"wpb_single_image wpb_content_element vc_align_center wpb_content_element\">\n\t\t\n\t\t<figure class=\"wpb_wrapper vc_figure\">\n\t\t\t<div class=\"vc_single_image-wrapper   vc_box_border_grey\"><img width=\"220\" height=\"220\" src=\"https:\/\/cascadesraptorcenter.org\/wp-content\/uploads\/2023\/02\/Ninkasi-logo.jpg\" class=\"vc_single_image-img attachment-full\" alt=\"\" title=\"Ninkasi logo\" srcset=\"https:\/\/cascadesraptorcenter.org\/wp-content\/uploads\/2023\/02\/Ninkasi-logo.jpg 220w, https:\/\/cascadesraptorcenter.org\/wp-content\/uploads\/2023\/02\/Ninkasi-logo-150x150.jpg 150w, https:\/\/cascadesraptorcenter.org\/wp-content\/uploads\/2023\/02\/Ninkasi-logo-12x12.jpg 12w, https:\/\/cascadesraptorcenter.org\/wp-content\/uploads\/2023\/02\/Ninkasi-logo-100x100.jpg 100w\" sizes=\"(max-width: 220px) 100vw, 220px\" \/><\/div>\n\t\t<\/figure>\n\t<\/div>\n\n\t<div class=\"wpb_text_column wpb_content_element vc_custom_1700162899685\" >\n\t\t<div class=\"wpb_wrapper\">\n\t\t\t<p>Ninkasi Brewing Company is dedicated to brewing the highest quality beverages in support of culture, community, and the uniqueness of each individual and their passions. We believe in and are committed to sharing experiences that create value for our customers, our partners, and our communities in service to our core purpose: to Perpetuate Better Living.<\/p>\n\n\t\t<\/div>\n\t<\/div>\n<\/div><\/div><\/div><div class=\"wpb_column vc_column_container vc_col-sm-4\"><div class=\"vc_column-inner\"><div class=\"wpb_wrapper\">\n\t<div  class=\"wpb_single_image wpb_content_element vc_align_ wpb_content_element vc_custom_1614197250970\">\n\t\t\n\t\t<figure class=\"wpb_wrapper vc_figure\">\n\t\t\t<a href=\"https:\/\/locations.theupsstore.com\/or\/eugene\/2852-willamette-st\" target=\"_blank\" class=\"vc_single_image-wrapper   vc_box_border_grey\"><img width=\"2297\" height=\"509\" src=\"https:\/\/cascadesraptorcenter.org\/wp-content\/uploads\/2021\/02\/UPS-store.jpeg\" class=\"vc_single_image-img attachment-full\" alt=\"The UPS Store\" title=\"UPS store\" srcset=\"https:\/\/cascadesraptorcenter.org\/wp-content\/uploads\/2021\/02\/UPS-store.jpeg 2297w, https:\/\/cascadesraptorcenter.org\/wp-content\/uploads\/2021\/02\/UPS-store-300x66.jpeg 300w, https:\/\/cascadesraptorcenter.org\/wp-content\/uploads\/2021\/02\/UPS-store-1024x227.jpeg 1024w, https:\/\/cascadesraptorcenter.org\/wp-content\/uploads\/2021\/02\/UPS-store-768x170.jpeg 768w, https:\/\/cascadesraptorcenter.org\/wp-content\/uploads\/2021\/02\/UPS-store-1536x340.jpeg 1536w, https:\/\/cascadesraptorcenter.org\/wp-content\/uploads\/2021\/02\/UPS-store-2048x454.jpeg 2048w, https:\/\/cascadesraptorcenter.org\/wp-content\/uploads\/2021\/02\/UPS-store-600x133.jpeg 600w\" sizes=\"(max-width: 2297px) 100vw, 2297px\" \/><\/a>\n\t\t<\/figure>\n\t<\/div>\n\n\t<div class=\"wpb_text_column wpb_content_element vc_custom_1700162909793\" >\n\t\t<div class=\"wpb_wrapper\">\n\t\t\t<p>The UPS Store ofrece servicios de buz\u00f3n, embalaje, env\u00edo, impresi\u00f3n, servicios notariales, trituraci\u00f3n, fotos de pasaporte, copias simples, todo con profesionalismo y una cara amable. Tenemos 3 ubicaciones en Eugene: 29th &amp; Willamette, Santa Clara Square y en West Eugene by Target.<\/p>\n\n\t\t<\/div>\n\t<\/div>\n<\/div><\/div><\/div><div class=\"wpb_column vc_column_container vc_col-sm-4\"><div class=\"vc_column-inner\"><div class=\"wpb_wrapper\">\n\t<div  class=\"wpb_single_image wpb_content_element vc_align_ wpb_content_element vc_custom_1580427747286\">\n\t\t\n\t\t<figure class=\"wpb_wrapper vc_figure\">\n\t\t\t<a href=\"https:\/\/agriculturecapital.com\/\" target=\"_blank\" class=\"vc_single_image-wrapper   vc_box_border_grey\"><img width=\"646\" height=\"194\" src=\"https:\/\/cascadesraptorcenter.org\/wp-content\/uploads\/2020\/01\/agriculture-capital-logo.jpg\" class=\"vc_single_image-img attachment-full\" alt=\"Agriculture Capital\" title=\"agriculture capital logo\" srcset=\"https:\/\/cascadesraptorcenter.org\/wp-content\/uploads\/2020\/01\/agriculture-capital-logo.jpg 646w, https:\/\/cascadesraptorcenter.org\/wp-content\/uploads\/2020\/01\/agriculture-capital-logo-300x90.jpg 300w, https:\/\/cascadesraptorcenter.org\/wp-content\/uploads\/2020\/01\/agriculture-capital-logo-600x180.jpg 600w\" sizes=\"(max-width: 646px) 100vw, 646px\" \/><\/a>\n\t\t<\/figure>\n\t<\/div>\n\n\t<div class=\"wpb_text_column wpb_content_element vc_custom_1700162919263\" >\n\t\t<div class=\"wpb_wrapper\">\n\t\t\t<p style=\"text-align: left;\">Agriculture Capital invierte en tierras de cultivo y activos de procesamiento de alimentos para construir negocios regenerativos, de escala adecuada, integrados verticalmente, impulsados por el consumidor que respalden el planeta y las comunidades en las que operamos. Estamos enfocados en llevar la escala necesaria a la producci\u00f3n de alimentos regenerativos.<\/p>\n\n\t\t<\/div>\n\t<\/div>\n<\/div><\/div><\/div><\/div>\n<\/div>","protected":false},"excerpt":{"rendered":"Thank you to our business partners! Local businesses support Cascades Raptor Center in almost every aspect of our operation. Our sponsors donate materials and expertise, underwrite special events, bring employee work parties to our site, and much more. Please join us in thanking and supporting them. Interested in becoming a sponsor? We'd love to chat!&hellip;","protected":false},"author":5,"featured_media":0,"parent":0,"menu_order":0,"comment_status":"closed","ping_status":"closed","template":"","meta":{"footnotes":""},"class_list":["post-2650","page","type-page","status-publish","hentry","entry","no-media"],"_links":{"self":[{"href":"https:\/\/cascadesraptorcenter.org\/es\/wp-json\/wp\/v2\/pages\/2650","targetHints":{"allow":["GET"]}}],"collection":[{"href":"https:\/\/cascadesraptorcenter.org\/es\/wp-json\/wp\/v2\/pages"}],"about":[{"href":"https:\/\/cascadesraptorcenter.org\/es\/wp-json\/wp\/v2\/types\/page"}],"author":[{"embeddable":true,"href":"https:\/\/cascadesraptorcenter.org\/es\/wp-json\/wp\/v2\/users\/5"}],"replies":[{"embeddable":true,"href":"https:\/\/cascadesraptorcenter.org\/es\/wp-json\/wp\/v2\/comments?post=2650"}],"version-history":[{"count":38,"href":"https:\/\/cascadesraptorcenter.org\/es\/wp-json\/wp\/v2\/pages\/2650\/revisions"}],"predecessor-version":[{"id":27251,"href":"https:\/\/cascadesraptorcenter.org\/es\/wp-json\/wp\/v2\/pages\/2650\/revisions\/27251"}],"wp:attachment":[{"href":"https:\/\/cascadesraptorcenter.org\/es\/wp-json\/wp\/v2\/media?parent=2650"}],"curies":[{"name":"wp","href":"https:\/\/api.w.org\/{rel}","templated":true}]}}