{"id":2118,"date":"2020-01-01T18:41:54","date_gmt":"2020-01-01T18:41:54","guid":{"rendered":"http:\/\/cascadesraptorcenter.org\/?page_id=2118"},"modified":"2024-08-15T19:13:46","modified_gmt":"2024-08-15T19:13:46","slug":"articles","status":"publish","type":"page","link":"https:\/\/cascadesraptorcenter.org\/es\/articles\/","title":{"rendered":"Publicaciones del personal"},"content":{"rendered":"<div class=\"wpb-content-wrapper\"><div class=\"vc_row wpb_row vc_row-fluid\"><div class=\"wpb_column vc_column_container vc_col-sm-12\"><div class=\"vc_column-inner\"><div class=\"wpb_wrapper\">\n\t<div style=\"width:800px;\" class=\"wpb_text_column wpex-max-w-100 wpex-mx-auto wpb_content_element\" >\n\t\t<div class=\"wpb_wrapper\">\n\t\t\t<h2>Select Publications by Cascades Raptor Center Staff<\/h2>\n<ul>\n<li><span style=\"font-size: 16px;\"><a href=\"https:\/\/cascadesraptorcenter.org\/wp-content\/uploads\/2023\/05\/Defining-Legacy-Birds.pdf\" target=\"_blank\" rel=\"noopener\"><em>Defining Legacy Birds<\/em><\/a>. Sidney Campbell (Senior Trainer and Educator, Cascades Raptor Center) and Kit Lacy (Bird Curator, Cascades Raptor Center). <em>el volante <\/em>Spring 2023.<\/span><\/li>\n<li><span style=\"font-size: 16px;\"><a href=\"https:\/\/cascadesraptorcenter.org\/wp-content\/uploads\/2023\/01\/IAATEWinter2023_CompassionateEuthanasia.pdf\"><em>Compassionate Euthanasia<\/em><\/a>. Kit Lacy. <em>el volante <\/em>Winter 2023.<\/span><\/li>\n<li><a href=\"https:\/\/cascadesraptorcenter.org\/wp-content\/uploads\/2022\/07\/Raptor-Report-Whats-the-Average-Weight.pdf\"><em><span style=\"font-size: 18px; font-family: Lato;\"><span style=\"font-size: 16px;\">\u00bfCu\u00e1l es el peso promedio?<\/span><\/span><\/em><\/a><span style=\"font-size: 16px; font-family: Lato;\"> Kit Lacy. <em>el volante <\/em>Invierno 2022<em>.<\/em><\/span><\/li>\n<li><span style=\"font-size: 16px;\"><em><span style=\"font-family: Lato;\"><a href=\"https:\/\/cascadesraptorcenter.org\/wp-content\/uploads\/2022\/07\/Raptor-Report-Folklore-Educational-Messages.pdf\">Mensajes educativos folkl\u00f3ricos.<\/a> <\/span><\/em><span style=\"font-family: Lato;\">Kit Lacy. <em>el volante <\/em>Verano 2022.<\/span><\/span><\/li>\n<li><span style=\"font-size: 16px;\"><em><a href=\"https:\/\/cascadesraptorcenter.org\/wp-content\/uploads\/2022\/12\/Learning-from-Legacy-Owls.pdf\" target=\"_blank\" rel=\"noopener\">Learning from Legacy Owls<\/a>.<\/em> Sidney Campbell and Jenn Bock. Presented at IAATE conference 2022.<\/span><\/li>\n<li><span style=\"font-family: Lato; font-size: 16px;\"><a href=\"https:\/\/cascadesraptorcenter.org\/wp-content\/uploads\/2021\/05\/Bumblefoot.pdf\" target=\"_blank\" rel=\"noopener noreferrer\"><em>Bumblefoot: \u00bfQu\u00e9 tan malo puede ser?<\/em><\/a> Kit Lacy y Laura Farah (Entrenadora y Educadora, Cascades Raptor Center). <em>el volante <\/em>Invierno 2020.<\/span><\/li>\n<li><span style=\"font-family: Lato; font-size: 16px;\"><em><a href=\"https:\/\/cascadesraptorcenter.org\/wp-content\/uploads\/2021\/05\/Adaptive-Perching.pdf\" target=\"_blank\" rel=\"noopener noreferrer\">Percha adaptativa.<\/a> <\/em>Kit Lacy. <em>el volante <\/em>Verano 2020.<\/span><\/li>\n<li><span style=\"font-family: Lato; font-size: 16px;\"><a href=\"https:\/\/cascadesraptorcenter.org\/wp-content\/uploads\/2021\/05\/Transitioning-Raptors-from-Force-to-Choice.pdf\" target=\"_blank\" rel=\"noopener noreferrer\"><em>Enfrentando los desaf\u00edos de la transici\u00f3n de las aves rapaces de la fuerza a la elecci\u00f3n.<\/em><\/a>\u00a0 Kit Lacy. <em>el volante <\/em>Spring 2020.<\/span><\/li>\n<li><span style=\"font-family: Lato; font-size: 16px;\"><em><a href=\"https:\/\/cascadesraptorcenter.org\/wp-content\/uploads\/2021\/05\/Talon_Selection-Process-for-Nonreleasable-Raptors.pdf\" target=\"_blank\" rel=\"noopener noreferrer\">Proceso de Selecci\u00f3n de Rapaces No Liberables.<\/a> <\/em>Kit Lacy. <em>la garra, <\/em>vol. 3.1 N\u00famero 1 Primavera 2020.<\/span><\/li>\n<li><span style=\"font-family: Lato; font-size: 16px;\"><a href=\"https:\/\/cascadesraptorcenter.org\/wp-content\/uploads\/2021\/05\/Eurasian-and-Verreauxs-Eagle-Owl-Ambassador-Guidelines.pdf\" target=\"_blank\" rel=\"noopener noreferrer\"><em>Directrices para animales embajadores de la AZA para el b\u00faho real euroasi\u00e1tico y de Verreaux.<\/em><\/a> Created by the Ambassador Animal Scientific Advisory Group in Association with the Eurasian Eagle Owl Species Survival Plan Program (Kit Lacy, Contributor). January 2020.<\/span><\/li>\n<li><span style=\"font-size: 16px; font-family: Lato;\"><em><a href=\"https:\/\/cascadesraptorcenter.org\/wp-content\/uploads\/2021\/05\/Blips-and-Bumps-in-Raptor-Training.pdf\" target=\"_blank\" rel=\"noopener noreferrer\">Blips and Bumps in Raptor Training: Manejando en el Momento.<\/a><\/em> Zach Zeneberg (Coordinador de Educaci\u00f3n, Cascades Raptor Center). <em>el volante <\/em>Oto\u00f1o 2019.<\/span><\/li>\n<li><span style=\"font-family: Lato; font-size: 16px;\"><a href=\"http:\/\/cascadesraptorcenter.org\/wp-content\/uploads\/2020\/01\/Shaping_A_Reliable_Hover_Behavior_in_an_American_Kestrel_by_Zach_Zeneberg_2018.pdf\" target=\"_blank\" rel=\"noopener noreferrer\"><em>Dando forma a un comportamiento de vuelo estacionario confiable en un cern\u00edcalo americano.<\/em><\/a> Zach Zeneberg. Presented at IAATE (International Association for Avian Trainers and Educators) conference 2018.<\/span><\/li>\n<li><span style=\"font-family: Lato; font-size: 16px;\"><em><a href=\"http:\/\/cascadesraptorcenter.org\/wp-content\/uploads\/2020\/01\/IAATE_Flyer_Summer2018_RaptorReport.pdf\" target=\"_blank\" rel=\"noopener noreferrer\">Cajas para el \u00e9xito<\/a>.<\/em> Kit Lacy y Zach Zeneberg. <em>el volante <\/em>Verano 2018.<\/span><\/li>\n<li><span style=\"font-family: Lato; font-size: 16px;\"><em><a href=\"http:\/\/cascadesraptorcenter.org\/wp-content\/uploads\/2020\/01\/IAATE_Atlanta_2017_Kit_Lacy_Paper_.pdf\" target=\"_blank\" rel=\"noopener noreferrer\">Proceso de Selecci\u00f3n de Aves No Liberables: El Primer Paso en el Bienestar de las Aves.<\/a>\u00a0<\/em>Kit Lacy (Director of Education, Cascades Raptor Center), Presented at IAATE conference 2017.<\/span><\/li>\n<\/ul>\n\n\t\t<\/div>\n\t<\/div>\n<\/div><\/div><\/div><\/div>\n<\/div>","protected":false},"excerpt":{"rendered":"Select Publications by Cascades Raptor Center Staff Defining Legacy Birds. Sidney Campbell (Senior Trainer and Educator, Cascades Raptor Center) and Kit Lacy (Bird Curator, Cascades Raptor Center). The Flyer Spring 2023. Compassionate Euthanasia. Kit Lacy. The Flyer Winter 2023. What's the Average Weight? Kit Lacy. The Flyer Winter 2022. Folklore Educational Messages. Kit Lacy. The&hellip;","protected":false},"author":25,"featured_media":0,"parent":0,"menu_order":0,"comment_status":"closed","ping_status":"closed","template":"","meta":{"footnotes":""},"class_list":["post-2118","page","type-page","status-publish","hentry","entry","no-media"],"_links":{"self":[{"href":"https:\/\/cascadesraptorcenter.org\/es\/wp-json\/wp\/v2\/pages\/2118","targetHints":{"allow":["GET"]}}],"collection":[{"href":"https:\/\/cascadesraptorcenter.org\/es\/wp-json\/wp\/v2\/pages"}],"about":[{"href":"https:\/\/cascadesraptorcenter.org\/es\/wp-json\/wp\/v2\/types\/page"}],"author":[{"embeddable":true,"href":"https:\/\/cascadesraptorcenter.org\/es\/wp-json\/wp\/v2\/users\/25"}],"replies":[{"embeddable":true,"href":"https:\/\/cascadesraptorcenter.org\/es\/wp-json\/wp\/v2\/comments?post=2118"}],"version-history":[{"count":45,"href":"https:\/\/cascadesraptorcenter.org\/es\/wp-json\/wp\/v2\/pages\/2118\/revisions"}],"predecessor-version":[{"id":28061,"href":"https:\/\/cascadesraptorcenter.org\/es\/wp-json\/wp\/v2\/pages\/2118\/revisions\/28061"}],"wp:attachment":[{"href":"https:\/\/cascadesraptorcenter.org\/es\/wp-json\/wp\/v2\/media?parent=2118"}],"curies":[{"name":"wp","href":"https:\/\/api.w.org\/{rel}","templated":true}]}}