{"id":14183,"date":"2022-03-06T01:51:36","date_gmt":"2022-03-06T01:51:36","guid":{"rendered":"https:\/\/cascadesraptorcenter.org\/?page_id=14183"},"modified":"2026-02-12T10:35:54","modified_gmt":"2026-02-12T18:35:54","slug":"our-history","status":"publish","type":"page","link":"https:\/\/cascadesraptorcenter.org\/es\/about\/our-history\/","title":{"rendered":"Nuestra historia"},"content":{"rendered":"<div class=\"wpb-content-wrapper\"><div class=\"vc_row wpb_row vc_row-fluid\"><div class=\"wpb_column vc_column_container vc_col-sm-8\"><div class=\"vc_column-inner\"><div class=\"wpb_wrapper\">\n\t<div class=\"wpb_text_column wpb_content_element\" >\n\t\t<div class=\"wpb_wrapper\">\n\t\t\t<p><span style=\"font-family: Lato;\">Cascades Raptor Center comenz\u00f3 como el sue\u00f1o de una persona: nuestra fundadora, Louise Shimmel, quien descubri\u00f3 el mundo de la rehabilitaci\u00f3n de la vida silvestre despu\u00e9s de encontrar una ardilla beb\u00e9 abandonada en su jard\u00edn y conectarse con su red local de rehabilitaci\u00f3n. Se sumergi\u00f3 en el trabajo con pasi\u00f3n e inmediatamente se sumergi\u00f3, asistiendo a conferencias nacionales y tomando clases para ampliar sus habilidades. <\/span><\/p>\n<p><span style=\"font-family: Lato;\">Durante cinco a\u00f1os, trabaj\u00f3 en un hospital de vida silvestre para todas las especies como rehabilitadora y administradora, pero se hab\u00eda enamorado de las aves rapaces y so\u00f1aba con convertirlas en su especialidad. Ella imagin\u00f3 un centro de educaci\u00f3n y rehabilitaci\u00f3n de clase mundial en Eugene, Oreg\u00f3n, dedicado espec\u00edficamente a las aves rapaces.<\/span><\/p>\n\n\t\t<\/div>\n\t<\/div>\n<\/div><\/div><\/div><div class=\"wpb_column vc_column_container vc_col-sm-4\"><div class=\"vc_column-inner\"><div class=\"wpb_wrapper\">\n\t<div  class=\"wpb_single_image wpb_content_element vc_align_ wpb_content_element\">\n\t\t\n\t\t<figure class=\"wpb_wrapper vc_figure\">\n\t\t\t<div class=\"vc_single_image-wrapper vc_box_rounded  vc_box_border_grey\"><img width=\"2076\" height=\"1468\" src=\"https:\/\/cascadesraptorcenter.org\/wp-content\/uploads\/2022\/03\/1987.jpg\" class=\"vc_single_image-img attachment-full\" alt=\"&quot; &quot;\" title=\"Louise Shimmel and Jim Gent with bear cub\" srcset=\"https:\/\/cascadesraptorcenter.org\/wp-content\/uploads\/2022\/03\/1987.jpg 2076w, https:\/\/cascadesraptorcenter.org\/wp-content\/uploads\/2022\/03\/1987-300x212.jpg 300w, https:\/\/cascadesraptorcenter.org\/wp-content\/uploads\/2022\/03\/1987-1024x724.jpg 1024w, https:\/\/cascadesraptorcenter.org\/wp-content\/uploads\/2022\/03\/1987-768x543.jpg 768w, https:\/\/cascadesraptorcenter.org\/wp-content\/uploads\/2022\/03\/1987-1536x1086.jpg 1536w, https:\/\/cascadesraptorcenter.org\/wp-content\/uploads\/2022\/03\/1987-2048x1448.jpg 2048w, https:\/\/cascadesraptorcenter.org\/wp-content\/uploads\/2022\/03\/1987-18x12.jpg 18w, https:\/\/cascadesraptorcenter.org\/wp-content\/uploads\/2022\/03\/1987-600x424.jpg 600w\" sizes=\"(max-width: 2076px) 100vw, 2076px\" \/><\/div>\n\t\t<\/figure>\n\t<\/div>\n<\/div><\/div><\/div><\/div><div class=\"vc_row wpb_row vc_row-fluid\"><div class=\"wpb_column vc_column_container vc_col-sm-4\"><div class=\"vc_column-inner\"><div class=\"wpb_wrapper\">\n\t<div  class=\"wpb_single_image wpb_content_element vc_align_ wpb_content_element\">\n\t\t\n\t\t<figure class=\"wpb_wrapper vc_figure\">\n\t\t\t<div class=\"vc_single_image-wrapper vc_box_rounded  vc_box_border_grey\"><img width=\"2272\" height=\"1704\" src=\"https:\/\/cascadesraptorcenter.org\/wp-content\/uploads\/2022\/03\/spr.path-chenoa.jpg\" class=\"vc_single_image-img attachment-full\" alt=\"\" title=\"spr.path chenoa\" srcset=\"https:\/\/cascadesraptorcenter.org\/wp-content\/uploads\/2022\/03\/spr.path-chenoa.jpg 2272w, https:\/\/cascadesraptorcenter.org\/wp-content\/uploads\/2022\/03\/spr.path-chenoa-300x225.jpg 300w, https:\/\/cascadesraptorcenter.org\/wp-content\/uploads\/2022\/03\/spr.path-chenoa-1024x768.jpg 1024w, https:\/\/cascadesraptorcenter.org\/wp-content\/uploads\/2022\/03\/spr.path-chenoa-768x576.jpg 768w, https:\/\/cascadesraptorcenter.org\/wp-content\/uploads\/2022\/03\/spr.path-chenoa-1536x1152.jpg 1536w, https:\/\/cascadesraptorcenter.org\/wp-content\/uploads\/2022\/03\/spr.path-chenoa-2048x1536.jpg 2048w, https:\/\/cascadesraptorcenter.org\/wp-content\/uploads\/2022\/03\/spr.path-chenoa-16x12.jpg 16w, https:\/\/cascadesraptorcenter.org\/wp-content\/uploads\/2022\/03\/spr.path-chenoa-600x450.jpg 600w\" sizes=\"(max-width: 2272px) 100vw, 2272px\" \/><\/div>\n\t\t<\/figure>\n\t<\/div>\n<\/div><\/div><\/div><div class=\"wpb_column vc_column_container vc_col-sm-8\"><div class=\"vc_column-inner\"><div class=\"wpb_wrapper\">\n\t<div class=\"wpb_text_column wpb_content_element\" >\n\t\t<div class=\"wpb_wrapper\">\n\t\t\t<p><span style=\"font-family: Lato;\">In 1990, Cascades Raptor Center was officially incorporated as a nonprofit. Louise had been doing raptor rehabilitation from her home and education at community events but pictured a site that would allow public visits, so she negotiated to purchase a tract of land on Fox Hollow Road from the City of Eugene. Through a massive group effort by volunteers and community allies, everything was moved to the new property &#8211; birds, enclosures, hospital equipment, and more! Almost as soon as news of the move was announced, teachers were calling to request field trips, and once enclosures were in place, Cascades Raptor Center opened to the public in 1994 with twelve resident education birds.<\/span><\/p>\n\n\t\t<\/div>\n\t<\/div>\n<\/div><\/div><\/div><\/div><div class=\"vc_row wpb_row vc_row-fluid\"><div class=\"wpb_column vc_column_container vc_col-sm-8\"><div class=\"vc_column-inner\"><div class=\"wpb_wrapper\">\n\t<div class=\"wpb_text_column wpb_content_element\" >\n\t\t<div class=\"wpb_wrapper\">\n\t\t\t<p><span style=\"font-family: Lato;\">Today, Cascades Raptor Center sees more than 30,000 visitors and treats at least 500 wild patients in its hospital every year. The center now has over 30 resident birds and purchased an adjacent property in 2016, with plans in place to expand public operations onto this side in the future.<br \/>\n<\/span><\/p>\n<p><span style=\"font-family: Lato;\">Adem\u00e1s de cumplir todos los roles imaginables en sus 36 a\u00f1os con Cascades Raptor Center, Louise sirvi\u00f3 durante siete a\u00f1os en la junta del Consejo Internacional de Rehabilitaci\u00f3n de Vida Silvestre, dos de ellos como presidenta de la junta. Fue cofundadora y se desempe\u00f1\u00f3 como la primera presidenta de la Asociaci\u00f3n de Rehabilitaci\u00f3n de Vida Silvestre de Oreg\u00f3n, pas\u00f3 doce a\u00f1os en el consejo editorial de la\u00a0<em>Revista de rehabilitaci\u00f3n de vida silvestre<\/em>, y en 2011 recibi\u00f3 el premio Lifetime Achievement Award de la Asociaci\u00f3n Nacional de Rehabilitadores de Vida Silvestre. En marzo de 2022, se retir\u00f3 del cargo de directora ejecutiva del Cascades Raptor Center y ahora se desempe\u00f1a como directora em\u00e9rita.<br \/>\n<\/span><\/p>\n<p><span style=\"font-family: Lato;\">If you would like to contact Louise about a non-raptor center subject, <a href=\"mailto:louiseshimmel@gmail.com\">she can be reached here<\/a>.<\/span><br \/>\n<span style=\"font-family: Lato;\">Para consultas sobre Cascades Raptor Center, utilice el <a href=\"https:\/\/cascadesraptorcenter.org\/es\/contact\/\">Formulario de contacto<\/a> en nuestro sitio web.<\/span><\/p>\n\n\t\t<\/div>\n\t<\/div>\n<\/div><\/div><\/div><div class=\"wpb_column vc_column_container vc_col-sm-4\"><div class=\"vc_column-inner\"><div class=\"wpb_wrapper\">\n\t<div  class=\"wpb_single_image wpb_content_element vc_align_ wpb_content_element\">\n\t\t\n\t\t<figure class=\"wpb_wrapper vc_figure\">\n\t\t\t<div class=\"vc_single_image-wrapper vc_box_rounded  vc_box_border_grey\"><img width=\"1778\" height=\"1168\" src=\"https:\/\/cascadesraptorcenter.org\/wp-content\/uploads\/2022\/03\/no-date_3.jpg\" class=\"vc_single_image-img attachment-full\" alt=\"Picture of Louise Shimmel holding a gyrfalcon\" title=\"\" srcset=\"https:\/\/cascadesraptorcenter.org\/wp-content\/uploads\/2022\/03\/no-date_3.jpg 1778w, https:\/\/cascadesraptorcenter.org\/wp-content\/uploads\/2022\/03\/no-date_3-300x197.jpg 300w, https:\/\/cascadesraptorcenter.org\/wp-content\/uploads\/2022\/03\/no-date_3-1024x673.jpg 1024w, https:\/\/cascadesraptorcenter.org\/wp-content\/uploads\/2022\/03\/no-date_3-768x505.jpg 768w, https:\/\/cascadesraptorcenter.org\/wp-content\/uploads\/2022\/03\/no-date_3-1536x1009.jpg 1536w, https:\/\/cascadesraptorcenter.org\/wp-content\/uploads\/2022\/03\/no-date_3-18x12.jpg 18w, https:\/\/cascadesraptorcenter.org\/wp-content\/uploads\/2022\/03\/no-date_3-600x394.jpg 600w\" sizes=\"(max-width: 1778px) 100vw, 1778px\" \/><\/div>\n\t\t<\/figure>\n\t<\/div>\n<\/div><\/div><\/div><\/div>\n<\/div>","protected":false},"excerpt":{"rendered":"Cascades Raptor Center began as the dream of one person - our founder, Louise Shimmel, who discovered the world of wildlife rehabilitation after finding an abandoned baby squirrel in her yard and connecting with her local rehabilitator network. She fell into the work with a passion and immediately immersed herself, going to national conferences and&hellip;","protected":false},"author":25,"featured_media":0,"parent":35,"menu_order":0,"comment_status":"closed","ping_status":"closed","template":"","meta":{"footnotes":""},"class_list":["post-14183","page","type-page","status-publish","hentry","entry","no-media"],"_links":{"self":[{"href":"https:\/\/cascadesraptorcenter.org\/es\/wp-json\/wp\/v2\/pages\/14183","targetHints":{"allow":["GET"]}}],"collection":[{"href":"https:\/\/cascadesraptorcenter.org\/es\/wp-json\/wp\/v2\/pages"}],"about":[{"href":"https:\/\/cascadesraptorcenter.org\/es\/wp-json\/wp\/v2\/types\/page"}],"author":[{"embeddable":true,"href":"https:\/\/cascadesraptorcenter.org\/es\/wp-json\/wp\/v2\/users\/25"}],"replies":[{"embeddable":true,"href":"https:\/\/cascadesraptorcenter.org\/es\/wp-json\/wp\/v2\/comments?post=14183"}],"version-history":[{"count":28,"href":"https:\/\/cascadesraptorcenter.org\/es\/wp-json\/wp\/v2\/pages\/14183\/revisions"}],"predecessor-version":[{"id":38555,"href":"https:\/\/cascadesraptorcenter.org\/es\/wp-json\/wp\/v2\/pages\/14183\/revisions\/38555"}],"up":[{"embeddable":true,"href":"https:\/\/cascadesraptorcenter.org\/es\/wp-json\/wp\/v2\/pages\/35"}],"wp:attachment":[{"href":"https:\/\/cascadesraptorcenter.org\/es\/wp-json\/wp\/v2\/media?parent=14183"}],"curies":[{"name":"wp","href":"https:\/\/api.w.org\/{rel}","templated":true}]}}