{"id":12548,"date":"2021-10-30T22:22:51","date_gmt":"2021-10-30T22:22:51","guid":{"rendered":"https:\/\/cascadesraptorcenter.org\/?page_id=12548"},"modified":"2022-07-12T18:20:15","modified_gmt":"2022-07-12T18:20:15","slug":"raptor-lesson-plans","status":"publish","type":"page","link":"https:\/\/cascadesraptorcenter.org\/es\/raptor-lesson-plans\/","title":{"rendered":"Planes de lecciones de aves rapaces"},"content":{"rendered":"<div class=\"wpb-content-wrapper\"><div class=\"vc_row wpb_row vc_row-fluid\"><div class=\"wpb_column vc_column_container vc_col-sm-12\"><div class=\"vc_column-inner\"><div class=\"wpb_wrapper\">\n\t<div class=\"wpb_text_column wpb_content_element\" >\n\t\t<div class=\"wpb_wrapper\">\n\t\t\t<p style=\"text-align: center;\"><span style=\"font-size: 24px;\"><strong><span style=\"font-family: Lato;\">\u00a1Disfrute de estos planes de lecciones gratuitos con diapositivas y hojas de trabajo!<\/span><\/strong><\/span><\/p>\n<p style=\"text-align: center;\"><span style=\"font-size: 14px;\"><strong><span style=\"font-family: Lato;\">Gracias a International Paper por la generosa subvenci\u00f3n que nos permiti\u00f3<br \/>\ndesarrollar y proporcionar estos materiales gratuitos a la comunidad.<\/span><\/strong><\/span><\/p>\n\n\t\t<\/div>\n\t<\/div>\n<\/div><\/div><\/div><\/div><div class=\"vc_row wpb_row vc_row-fluid\"><div class=\"wpb_column vc_column_container vc_col-sm-4\"><div class=\"vc_column-inner\"><div class=\"wpb_wrapper\">\n\t<div  class=\"wpb_single_image wpb_content_element vc_align_left wpb_content_element\">\n\t\t\n\t\t<figure class=\"wpb_wrapper vc_figure\">\n\t\t\t<div class=\"vc_single_image-wrapper vc_box_outline  vc_box_border_grey\"><\/div>\n\t\t<\/figure>\n\t<\/div>\n<\/div><\/div><\/div><div class=\"wpb_column vc_column_container vc_col-sm-8\"><div class=\"vc_column-inner\"><div class=\"wpb_wrapper\">\n\t<div class=\"wpb_text_column wpb_content_element\" >\n\t\t<div class=\"wpb_wrapper\">\n\t\t\t<p><span style=\"font-family: Lato;\"><span style=\"color: #ff9900; font-size: 28px;\"><strong>\u00bfCu\u00e1l es tu envergadura?<\/strong><\/span><br \/>\n<\/span><\/p>\n<p><span style=\"font-family: Lato;\"><strong>Los grados:<\/strong> K-5<\/span><\/p>\n<p><span style=\"font-family: Lato;\"><strong>Descripci\u00f3n de la lecci\u00f3n:<\/strong> Los estudiantes comparan la anatom\u00eda de las alas de las aves con los brazos humanos, practicando las habilidades b\u00e1sicas de medici\u00f3n determinando su propia &quot;envergadura&quot; y marc\u00e1ndola en papel (en la actividad de arte opcional, los estudiantes convierten esto en una ilustraci\u00f3n completa).<\/p>\n<p><\/span><\/p>\n\n\t\t<\/div>\n\t<\/div>\n<style>.vcex-multi-buttons.vcex_69e135fe5ab2e .theme-button,.vcex-multi-buttons.vcex_69e135fe5ab2e .theme-txt-link{line-height:20;font-size:14px;}@media (max-width:1024px){.vcex-multi-buttons.vcex_69e135fe5ab2e .theme-button,.vcex-multi-buttons.vcex_69e135fe5ab2e .theme-txt-link{font-size:14px;}}@media (max-width:959px){.vcex-multi-buttons.vcex_69e135fe5ab2e .theme-button,.vcex-multi-buttons.vcex_69e135fe5ab2e .theme-txt-link{font-size:14px;}}@media (max-width:767px){.vcex-multi-buttons.vcex_69e135fe5ab2e .theme-button,.vcex-multi-buttons.vcex_69e135fe5ab2e .theme-txt-link{font-size:14px;}}@media (max-width:479px){.vcex-multi-buttons.vcex_69e135fe5ab2e .theme-button,.vcex-multi-buttons.vcex_69e135fe5ab2e .theme-txt-link{font-size:14px;}}<\/style><div class=\"vcex-multi-buttons wpex-flex wpex-flex-wrap wpex-items-center wpex-gap-10 wpex-justify-center vcex_69e135fe5ab2e\"><a href=\"https:\/\/cascadesraptorcenter.org\/wp-content\/uploads\/2021\/10\/Whats-Your-Wingspan-Lesson-Overview-.pdf\" class=\"theme-button flat blue outline-transparent wpex-text-center vcex-count-1\" target=\"_blank\" rel=\"noopener noreferrer\">Visi\u00f3n general<\/a><a href=\"https:\/\/cascadesraptorcenter.org\/wp-content\/uploads\/2021\/10\/Whats-Your-Wingspan-Slides.pdf\" class=\"theme-button flat blue outline-transparent wpex-text-center vcex-count-2\" target=\"_blank\" rel=\"noopener noreferrer\">Diapositivas<\/a><a href=\"https:\/\/cascadesraptorcenter.org\/wp-content\/uploads\/2021\/10\/Whats-Your-Wingspan-Worksheet.pdf\" class=\"theme-button flat blue outline-transparent wpex-text-center vcex-count-3\" target=\"_blank\" rel=\"noopener noreferrer\">Hoja de c\u00e1lculo<\/a><\/div><\/div><\/div><\/div><\/div><div class=\"vc_row wpb_row vc_row-fluid\"><div class=\"wpb_column vc_column_container vc_col-sm-4\"><div class=\"vc_column-inner\"><div class=\"wpb_wrapper\">\n\t<div  class=\"wpb_single_image wpb_content_element vc_align_left wpb_content_element\">\n\t\t\n\t\t<figure class=\"wpb_wrapper vc_figure\">\n\t\t\t<div class=\"vc_single_image-wrapper vc_box_outline  vc_box_border_grey\"><img width=\"808\" height=\"448\" src=\"https:\/\/cascadesraptorcenter.org\/wp-content\/uploads\/2021\/10\/zine-slide-1.png\" class=\"vc_single_image-img attachment-full\" alt=\"\" title=\"zine slide\" srcset=\"https:\/\/cascadesraptorcenter.org\/wp-content\/uploads\/2021\/10\/zine-slide-1.png 808w, https:\/\/cascadesraptorcenter.org\/wp-content\/uploads\/2021\/10\/zine-slide-1-300x166.png 300w, https:\/\/cascadesraptorcenter.org\/wp-content\/uploads\/2021\/10\/zine-slide-1-768x426.png 768w, https:\/\/cascadesraptorcenter.org\/wp-content\/uploads\/2021\/10\/zine-slide-1-600x333.png 600w\" sizes=\"(max-width: 808px) 100vw, 808px\" \/><\/div>\n\t\t<\/figure>\n\t<\/div>\n<\/div><\/div><\/div><div class=\"wpb_column vc_column_container vc_col-sm-8\"><div class=\"vc_column-inner\"><div class=\"wpb_wrapper\">\n\t<div class=\"wpb_text_column wpb_content_element\" >\n\t\t<div class=\"wpb_wrapper\">\n\t\t\t<p><span style=\"font-family: Lato;\"><span style=\"color: #ff9900; font-size: 28px;\"><strong>Crear una revista de conservaci\u00f3n<\/strong><\/span><br \/>\n<\/span><\/p>\n<p><span style=\"font-family: Lato;\"><strong>Los grados:<\/strong> K-5<\/span><\/p>\n<p><span style=\"font-family: Lato;\"><strong>Descripci\u00f3n de la lecci\u00f3n:<\/strong> Los estudiantes crean sus propias mini-revistas hechas a mano (&quot;zines&quot;) sobre los impactos humanos negativos en las aves rapaces y c\u00f3mo las personas pueden ayudar.<\/span><\/p>\n<p>&nbsp;<\/p>\n\n\t\t<\/div>\n\t<\/div>\n<style>.vcex-multi-buttons.vcex_69e135fe5c9f5 .theme-button,.vcex-multi-buttons.vcex_69e135fe5c9f5 .theme-txt-link{line-height:16;font-size:14px;}@media (max-width:1024px){.vcex-multi-buttons.vcex_69e135fe5c9f5 .theme-button,.vcex-multi-buttons.vcex_69e135fe5c9f5 .theme-txt-link{font-size:14px;}}@media (max-width:959px){.vcex-multi-buttons.vcex_69e135fe5c9f5 .theme-button,.vcex-multi-buttons.vcex_69e135fe5c9f5 .theme-txt-link{font-size:14px;}}@media (max-width:767px){.vcex-multi-buttons.vcex_69e135fe5c9f5 .theme-button,.vcex-multi-buttons.vcex_69e135fe5c9f5 .theme-txt-link{font-size:14px;}}@media (max-width:479px){.vcex-multi-buttons.vcex_69e135fe5c9f5 .theme-button,.vcex-multi-buttons.vcex_69e135fe5c9f5 .theme-txt-link{font-size:14px;}}<\/style><div class=\"vcex-multi-buttons wpex-flex wpex-flex-wrap wpex-items-center wpex-gap-10 wpex-justify-center vcex_69e135fe5c9f5\"><a href=\"https:\/\/cascadesraptorcenter.org\/wp-content\/uploads\/2021\/10\/Conservation-Zine-Overview.pdf\" class=\"theme-button flat blue outline-transparent wpex-text-center vcex-count-1\" target=\"_blank\" rel=\"noopener noreferrer\">Visi\u00f3n general<\/a><a href=\"https:\/\/cascadesraptorcenter.org\/wp-content\/uploads\/2021\/10\/Conservation-Zine-Slides-1.pdf\" class=\"theme-button flat blue outline-transparent wpex-text-center vcex-count-2\" target=\"_blank\" rel=\"noopener noreferrer\">Diapositivas<\/a><a href=\"https:\/\/cascadesraptorcenter.org\/wp-content\/uploads\/2021\/10\/Conservation-Zine-Worksheet.pdf\" class=\"theme-button flat blue outline-transparent wpex-text-center vcex-count-3\" target=\"_blank\" rel=\"noopener noreferrer\">Hoja de c\u00e1lculo<\/a><\/div><\/div><\/div><\/div><\/div><div class=\"vc_row wpb_row vc_row-fluid\"><div class=\"wpb_column vc_column_container vc_col-sm-4\"><div class=\"vc_column-inner\"><div class=\"wpb_wrapper\">\n\t<div  class=\"wpb_single_image wpb_content_element vc_align_left wpb_content_element\">\n\t\t\n\t\t<figure class=\"wpb_wrapper vc_figure\">\n\t\t\t<div class=\"vc_single_image-wrapper vc_box_outline  vc_box_border_grey\"><img width=\"855\" height=\"473\" src=\"https:\/\/cascadesraptorcenter.org\/wp-content\/uploads\/2021\/11\/wildlife-habitats-slide.png\" class=\"vc_single_image-img attachment-full\" alt=\"\" title=\"wildlife habitats slide\" srcset=\"https:\/\/cascadesraptorcenter.org\/wp-content\/uploads\/2021\/11\/wildlife-habitats-slide.png 855w, https:\/\/cascadesraptorcenter.org\/wp-content\/uploads\/2021\/11\/wildlife-habitats-slide-300x166.png 300w, https:\/\/cascadesraptorcenter.org\/wp-content\/uploads\/2021\/11\/wildlife-habitats-slide-768x425.png 768w, https:\/\/cascadesraptorcenter.org\/wp-content\/uploads\/2021\/11\/wildlife-habitats-slide-600x332.png 600w\" sizes=\"(max-width: 855px) 100vw, 855px\" \/><\/div>\n\t\t<\/figure>\n\t<\/div>\n<\/div><\/div><\/div><div class=\"wpb_column vc_column_container vc_col-sm-8\"><div class=\"vc_column-inner\"><div class=\"wpb_wrapper\">\n\t<div class=\"wpb_text_column wpb_content_element\" >\n\t\t<div class=\"wpb_wrapper\">\n\t\t\t<p><span style=\"font-family: Lato;\"><span style=\"color: #ff9900; font-size: 28px;\"><strong>H\u00e1bitats de vida silvestre y usted<\/strong><\/span><br \/>\n<\/span><\/p>\n<p><span style=\"font-family: Lato;\"><strong>Los grados:<\/strong> K-5<\/span><\/p>\n<p><span style=\"font-family: Lato;\"><strong>Descripci\u00f3n de la lecci\u00f3n:<\/strong> Los estudiantes aprenden los conceptos b\u00e1sicos de la ecolog\u00eda y discuten lo que hace un buen h\u00e1bitat. Luego pasan tiempo observando un paisaje natural real e identificando cosas que podr\u00edan cambiarse en esta \u00e1rea para mejorar las condiciones del h\u00e1bitat para la vida silvestre.<br \/>\n<\/span><\/p>\n<p>&nbsp;<\/p>\n\n\t\t<\/div>\n\t<\/div>\n<style>.vcex-multi-buttons.vcex_69e135fe5e7a4 .theme-button,.vcex-multi-buttons.vcex_69e135fe5e7a4 .theme-txt-link{line-height:16;font-size:14px;}@media (max-width:1024px){.vcex-multi-buttons.vcex_69e135fe5e7a4 .theme-button,.vcex-multi-buttons.vcex_69e135fe5e7a4 .theme-txt-link{font-size:14px;}}@media (max-width:959px){.vcex-multi-buttons.vcex_69e135fe5e7a4 .theme-button,.vcex-multi-buttons.vcex_69e135fe5e7a4 .theme-txt-link{font-size:14px;}}@media (max-width:767px){.vcex-multi-buttons.vcex_69e135fe5e7a4 .theme-button,.vcex-multi-buttons.vcex_69e135fe5e7a4 .theme-txt-link{font-size:14px;}}@media (max-width:479px){.vcex-multi-buttons.vcex_69e135fe5e7a4 .theme-button,.vcex-multi-buttons.vcex_69e135fe5e7a4 .theme-txt-link{font-size:14px;}}<\/style><div class=\"vcex-multi-buttons wpex-flex wpex-flex-wrap wpex-items-center wpex-gap-10 wpex-justify-center vcex_69e135fe5e7a4\"><a href=\"https:\/\/cascadesraptorcenter.org\/wp-content\/uploads\/2021\/11\/Wildlife-Habitats-You.pdf\" class=\"theme-button flat blue outline-transparent wpex-text-center vcex-count-1\" target=\"_blank\" rel=\"noopener noreferrer\">Visi\u00f3n general<\/a><a href=\"https:\/\/cascadesraptorcenter.org\/es\/wildlife-habitats-you-slides\/\" class=\"theme-button flat blue outline-transparent wpex-text-center vcex-count-2\" target=\"_blank\" rel=\"noopener noreferrer\">Diapositivas<\/a><a href=\"https:\/\/cascadesraptorcenter.org\/es\/wildlife-habitats-you-worksheets\/\" class=\"theme-button flat blue outline-transparent wpex-text-center vcex-count-3\" target=\"_blank\" rel=\"noopener noreferrer\">Hoja de c\u00e1lculo<\/a><\/div><\/div><\/div><\/div><\/div>\n<\/div>","protected":false},"excerpt":{"rendered":"Please enjoy these free lesson plans with slides and worksheets! Thank you to International Paper for the generous grant support that enabled us to develop and provide these free materials to the community. What's Your Wingspan? Grades: K-5 Lesson Description: Students compare the anatomy of birds' wings vs. human arms, practicing basic measurement skills by&hellip;","protected":false},"author":25,"featured_media":0,"parent":0,"menu_order":0,"comment_status":"closed","ping_status":"closed","template":"","meta":{"footnotes":""},"class_list":["post-12548","page","type-page","status-publish","hentry","entry","no-media"],"_links":{"self":[{"href":"https:\/\/cascadesraptorcenter.org\/es\/wp-json\/wp\/v2\/pages\/12548","targetHints":{"allow":["GET"]}}],"collection":[{"href":"https:\/\/cascadesraptorcenter.org\/es\/wp-json\/wp\/v2\/pages"}],"about":[{"href":"https:\/\/cascadesraptorcenter.org\/es\/wp-json\/wp\/v2\/types\/page"}],"author":[{"embeddable":true,"href":"https:\/\/cascadesraptorcenter.org\/es\/wp-json\/wp\/v2\/users\/25"}],"replies":[{"embeddable":true,"href":"https:\/\/cascadesraptorcenter.org\/es\/wp-json\/wp\/v2\/comments?post=12548"}],"version-history":[{"count":8,"href":"https:\/\/cascadesraptorcenter.org\/es\/wp-json\/wp\/v2\/pages\/12548\/revisions"}],"predecessor-version":[{"id":16642,"href":"https:\/\/cascadesraptorcenter.org\/es\/wp-json\/wp\/v2\/pages\/12548\/revisions\/16642"}],"wp:attachment":[{"href":"https:\/\/cascadesraptorcenter.org\/es\/wp-json\/wp\/v2\/media?parent=12548"}],"curies":[{"name":"wp","href":"https:\/\/api.w.org\/{rel}","templated":true}]}}