{"id":11598,"date":"2021-08-18T21:46:14","date_gmt":"2021-08-18T21:46:14","guid":{"rendered":"https:\/\/cascadesraptorcenter.org\/?page_id=11598"},"modified":"2021-08-27T19:49:30","modified_gmt":"2021-08-27T19:49:30","slug":"an-evening-for-the-raptors-2021","status":"publish","type":"page","link":"https:\/\/cascadesraptorcenter.org\/es\/an-evening-for-the-raptors-2021\/","title":{"rendered":"Una velada para los Raptors 2021"},"content":{"rendered":"<div class=\"wpb-content-wrapper\"><div class=\"vc_row wpb_row vc_row-fluid\"><div class=\"wpb_column vc_column_container vc_col-sm-6\"><div class=\"vc_column-inner\"><div class=\"wpb_wrapper\">\n\t<div  class=\"wpb_single_image wpb_content_element vc_align_center wpb_content_element\">\n\t\t\n\t\t<figure class=\"wpb_wrapper vc_figure\">\n\t\t\t<div class=\"vc_single_image-wrapper   vc_box_border_grey\"><img width=\"300\" height=\"283\" src=\"https:\/\/cascadesraptorcenter.org\/wp-content\/uploads\/2021\/08\/sweet-cheeks-logo-300x283.png\" class=\"vc_single_image-img attachment-medium\" alt=\"\" title=\"sweet cheeks logo\" srcset=\"https:\/\/cascadesraptorcenter.org\/wp-content\/uploads\/2021\/08\/sweet-cheeks-logo-300x283.png 300w, https:\/\/cascadesraptorcenter.org\/wp-content\/uploads\/2021\/08\/sweet-cheeks-logo.png 354w\" sizes=\"(max-width: 300px) 100vw, 300px\" \/><\/div>\n\t\t<\/figure>\n\t<\/div>\n\n\t<div class=\"wpb_text_column wpb_content_element\" >\n\t\t<div class=\"wpb_wrapper\">\n\t\t\t<p><span style=\"font-family: Lato;\">\u00a1\u00danase a nosotros para una noche en Sweet Cheeks Winery con Dmitri, Eurasian Eagle-Owl y el personal del Centro Raptor! Cada boleto incluye una (1) copa de vino o bebida de su elecci\u00f3n. Vino y comida adicional tambi\u00e9n estar\u00e1n disponibles para su compra en el sitio.<\/span><\/p>\n<p><span style=\"font-family: Lato; color: #993300;\"><strong>Seg\u00fan el mandato estatal, actualmente se requieren m\u00e1scaras y distanciamiento f\u00edsico en todos los eventos del Cascades Raptor Center. Puede quitarse la mascarilla temporalmente cuando est\u00e9 comiendo o bebiendo activamente.<\/strong> <\/span><\/p>\n\n\t\t<\/div>\n\t<\/div>\n<\/div><\/div><\/div><div class=\"wpb_column vc_column_container vc_col-sm-6\"><div class=\"vc_column-inner\"><div class=\"wpb_wrapper\">\n\t<div class=\"wpb_raw_code wpb_raw_html wpb_content_element\" >\n\t\t<div class=\"wpb_wrapper\">\n\t\t\t<div style=\"max-height: 2600px; overflow: auto; overflow-y: scroll; -webkit-overflow-scrolling: touch;\" ><iframe onload=\"window.parent.scrollTo(0,0)\" height=\"3150\" allowtransparency=\"true\" frameborder=\"0\" scrolling=\"yes\" style=\"width:100%;border:none\"  src=\"https:\/\/secure.lglforms.com\/form_engine\/s\/Zl37JfvKsl9mVmI5lBfRmA\"><a href=\"https:\/\/secure.lglforms.com\/form_engine\/s\/xbN9ZDxLS6oW_Le9eIkErQ\">\u00a1Complete mi formulario LGL!<\/a><\/iframe><\/div>\n\t\t<\/div>\n\t<\/div>\n<\/div><\/div><\/div><div class=\"wpb_column vc_column_container vc_col-sm-12\"><div class=\"vc_column-inner\"><div class=\"wpb_wrapper\"><\/div><\/div><\/div><\/div>\n<\/div>","protected":false},"excerpt":{"rendered":"Join us for an evening at Sweet Cheeks Winery with Dmitri, Eurasian Eagle-Owl, and Raptor Center staff! Each ticket includes one (1) glass of wine or beverage of your choice. Additional wine and food will also be available for purchase on site. Per state mandate, masks and physical distancing are currently required at all Cascades&hellip;","protected":false},"author":25,"featured_media":0,"parent":0,"menu_order":0,"comment_status":"closed","ping_status":"closed","template":"","meta":{"footnotes":""},"class_list":["post-11598","page","type-page","status-publish","hentry","entry","no-media"],"_links":{"self":[{"href":"https:\/\/cascadesraptorcenter.org\/es\/wp-json\/wp\/v2\/pages\/11598","targetHints":{"allow":["GET"]}}],"collection":[{"href":"https:\/\/cascadesraptorcenter.org\/es\/wp-json\/wp\/v2\/pages"}],"about":[{"href":"https:\/\/cascadesraptorcenter.org\/es\/wp-json\/wp\/v2\/types\/page"}],"author":[{"embeddable":true,"href":"https:\/\/cascadesraptorcenter.org\/es\/wp-json\/wp\/v2\/users\/25"}],"replies":[{"embeddable":true,"href":"https:\/\/cascadesraptorcenter.org\/es\/wp-json\/wp\/v2\/comments?post=11598"}],"version-history":[{"count":4,"href":"https:\/\/cascadesraptorcenter.org\/es\/wp-json\/wp\/v2\/pages\/11598\/revisions"}],"predecessor-version":[{"id":11767,"href":"https:\/\/cascadesraptorcenter.org\/es\/wp-json\/wp\/v2\/pages\/11598\/revisions\/11767"}],"wp:attachment":[{"href":"https:\/\/cascadesraptorcenter.org\/es\/wp-json\/wp\/v2\/media?parent=11598"}],"curies":[{"name":"wp","href":"https:\/\/api.w.org\/{rel}","templated":true}]}}